{"id":1287,"date":"2022-03-10T10:14:31","date_gmt":"2022-03-10T09:14:31","guid":{"rendered":"http:\/\/www.festivalcinemaenliberte.com\/?page_id=1287"},"modified":"2025-07-08T17:47:53","modified_gmt":"2025-07-08T15:47:53","slug":"interview","status":"publish","type":"page","link":"https:\/\/www.festivalcinemaenliberte.com\/index.php\/interview\/","title":{"rendered":"INTERVIEW"},"content":{"rendered":"\t\t<div data-elementor-type=\"wp-page\" data-elementor-id=\"1287\" class=\"elementor elementor-1287\">\n\t\t\t\t<div class=\"elementor-element elementor-element-5f09672 e-flex e-con-boxed wpr-particle-no wpr-jarallax-no wpr-parallax-no wpr-sticky-section-no wpr-column-slider-no wpr-equal-height-no e-con e-parent\" data-id=\"5f09672\" data-element_type=\"container\" data-e-type=\"container\">\n\t\t\t\t\t<div class=\"e-con-inner\">\n\t\t\t\t<div class=\"elementor-element elementor-element-7d2d0fa elementor-widget elementor-widget-spacer\" data-id=\"7d2d0fa\" data-element_type=\"widget\" data-e-type=\"widget\" data-widget_type=\"spacer.default\">\n\t\t\t\t<div class=\"elementor-widget-container\">\n\t\t\t\t\t\t\t<div class=\"elementor-spacer\">\n\t\t\t<div class=\"elementor-spacer-inner\"><\/div>\n\t\t<\/div>\n\t\t\t\t\t\t<\/div>\n\t\t\t\t<\/div>\n\t\t\t\t\t<\/div>\n\t\t\t\t<\/div>\n\t\t<div class=\"elementor-element elementor-element-e3fa533 e-flex e-con-boxed wpr-particle-no wpr-jarallax-no wpr-parallax-no wpr-sticky-section-no wpr-column-slider-no wpr-equal-height-no e-con e-parent\" data-id=\"e3fa533\" data-element_type=\"container\" data-e-type=\"container\">\n\t\t\t\t\t<div class=\"e-con-inner\">\n\t\t<div class=\"elementor-element elementor-element-c68d120 e-con-full e-flex wpr-particle-no wpr-jarallax-no wpr-parallax-no wpr-sticky-section-no wpr-column-slider-no wpr-equal-height-no e-con e-child\" data-id=\"c68d120\" data-element_type=\"container\" data-e-type=\"container\">\n\t\t\t\t<div class=\"elementor-element elementor-element-835e0a1 elementor-widget elementor-widget-text-editor\" data-id=\"835e0a1\" data-element_type=\"widget\" data-e-type=\"widget\" data-widget_type=\"text-editor.default\">\n\t\t\t\t<div class=\"elementor-widget-container\">\n\t\t\t\t\t\t\t\t\t<p><strong>Interviews r\u00e9alis\u00e9es par Nathalie Jourde de Radio-Active Cn\u00e9ma mon Amour (100.00 FM)<\/strong><\/p><div class=\"wp-playlist wp-video-playlist wp-playlist-light\">\n\t\t<video controls=\"controls\" preload=\"none\" width=\"1144\"\n\t\t height=\"648\"\t><\/video>\n\t<div class=\"wp-playlist-next\"><\/div>\n\t<div class=\"wp-playlist-prev\"><\/div>\n\t<noscript>\n\t<ol>\n\t\t<li><a href='https:\/\/www.festivalcinemaenliberte.com\/wp-content\/uploads\/2022\/03\/Lisa_MOV_AdobeCreativeCloudExpress.mp4'>Lisa Dora Fardelli<\/a><\/li><li><a href='https:\/\/www.festivalcinemaenliberte.com\/wp-content\/uploads\/2022\/03\/willy-suarez.mp4'>Willy Suarez<\/a><\/li><li><a href='https:\/\/www.festivalcinemaenliberte.com\/wp-content\/uploads\/2022\/03\/eva-brucato.mp4'>Eva Brucato<\/a><\/li><li><a href='https:\/\/www.festivalcinemaenliberte.com\/wp-content\/uploads\/2022\/03\/helene-ledevin.mp4'>Helene Ledevin<\/a><\/li>\t<\/ol>\n\t<\/noscript>\n\t<script type=\"application\/json\" class=\"wp-playlist-script\">{\"type\":\"video\",\"tracklist\":true,\"tracknumbers\":true,\"images\":true,\"artists\":true,\"tracks\":[{\"src\":\"https:\/\/www.festivalcinemaenliberte.com\/wp-content\/uploads\/2022\/03\/Lisa_MOV_AdobeCreativeCloudExpress.mp4\",\"type\":\"video\/mp4\",\"title\":\"Lisa Dora Fardelli\",\"caption\":\"\",\"description\":\"\",\"meta\":{\"length_formatted\":\"4:03\"},\"dimensions\":{\"original\":{\"width\":848,\"height\":480},\"resized\":{\"width\":1144,\"height\":648}},\"image\":{\"src\":\"https:\/\/www.festivalcinemaenliberte.com\/wp-includes\/images\/media\/video.svg\",\"width\":48,\"height\":64},\"thumb\":{\"src\":\"https:\/\/www.festivalcinemaenliberte.com\/wp-includes\/images\/media\/video.svg\",\"width\":48,\"height\":64}},{\"src\":\"https:\/\/www.festivalcinemaenliberte.com\/wp-content\/uploads\/2022\/03\/willy-suarez.mp4\",\"type\":\"video\/mp4\",\"title\":\"Willy Suarez\",\"caption\":\"\",\"description\":\"\",\"meta\":{\"length_formatted\":\"2:18\"},\"dimensions\":{\"original\":{\"width\":848,\"height\":480},\"resized\":{\"width\":1144,\"height\":648}},\"image\":{\"src\":\"https:\/\/www.festivalcinemaenliberte.com\/wp-includes\/images\/media\/video.svg\",\"width\":48,\"height\":64},\"thumb\":{\"src\":\"https:\/\/www.festivalcinemaenliberte.com\/wp-includes\/images\/media\/video.svg\",\"width\":48,\"height\":64}},{\"src\":\"https:\/\/www.festivalcinemaenliberte.com\/wp-content\/uploads\/2022\/03\/eva-brucato.mp4\",\"type\":\"video\/mp4\",\"title\":\"Eva Brucato\",\"caption\":\"\",\"description\":\"\",\"meta\":{\"length_formatted\":\"2:05\"},\"dimensions\":{\"original\":{\"width\":848,\"height\":480},\"resized\":{\"width\":1144,\"height\":648}},\"image\":{\"src\":\"https:\/\/www.festivalcinemaenliberte.com\/wp-includes\/images\/media\/video.svg\",\"width\":48,\"height\":64},\"thumb\":{\"src\":\"https:\/\/www.festivalcinemaenliberte.com\/wp-includes\/images\/media\/video.svg\",\"width\":48,\"height\":64}},{\"src\":\"https:\/\/www.festivalcinemaenliberte.com\/wp-content\/uploads\/2022\/03\/helene-ledevin.mp4\",\"type\":\"video\/mp4\",\"title\":\"Helene Ledevin\",\"caption\":\"\",\"description\":\"\",\"meta\":{\"length_formatted\":\"2:25\"},\"dimensions\":{\"original\":{\"width\":848,\"height\":480},\"resized\":{\"width\":1144,\"height\":648}},\"image\":{\"src\":\"https:\/\/www.festivalcinemaenliberte.com\/wp-includes\/images\/media\/video.svg\",\"width\":48,\"height\":64},\"thumb\":{\"src\":\"https:\/\/www.festivalcinemaenliberte.com\/wp-includes\/images\/media\/video.svg\",\"width\":48,\"height\":64}}]}<\/script>\n<\/div>\n\t\t\t\t\t\t\t\t\t<\/div>\n\t\t\t\t<\/div>\n\t\t\t\t<\/div>\n\t\t\t\t\t<\/div>\n\t\t\t\t<\/div>\n\t\t\t\t<section class=\"elementor-section elementor-top-section elementor-element elementor-element-3e8bcd6 elementor-section-boxed elementor-section-height-default elementor-section-height-default wpr-particle-no wpr-jarallax-no wpr-parallax-no wpr-sticky-section-no wpr-column-slider-no wpr-equal-height-no\" data-id=\"3e8bcd6\" data-element_type=\"section\" data-e-type=\"section\">\n\t\t\t\t\t\t<div class=\"elementor-container elementor-column-gap-default\">\n\t\t\t\t\t<div class=\"elementor-column elementor-col-100 elementor-top-column elementor-element elementor-element-e5d182b\" data-id=\"e5d182b\" data-element_type=\"column\" data-e-type=\"column\">\n\t\t\t<div class=\"elementor-widget-wrap\">\n\t\t\t\t\t\t\t<\/div>\n\t\t<\/div>\n\t\t\t\t\t<\/div>\n\t\t<\/section>\n\t\t\t\t<\/div>\n\t\t","protected":false},"excerpt":{"rendered":"<p>Interviews r\u00e9alis\u00e9es par Nathalie Jourde de Radio-Active Cn\u00e9ma mon Amour (100.00 FM)<\/p>\n","protected":false},"author":1,"featured_media":0,"parent":0,"menu_order":0,"comment_status":"closed","ping_status":"closed","template":"","meta":{"footnotes":""},"class_list":["post-1287","page","type-page","status-publish","hentry"],"yoast_head":"<!-- This site is optimized with the Yoast SEO plugin v27.5 - https:\/\/yoast.com\/product\/yoast-seo-wordpress\/ -->\n<title>INTERVIEW - Festival Cin\u00e9ma en libert\u00e9<\/title>\n<meta name=\"description\" content=\"Festival Cin\u00e9ma en libert\u00e9\" \/>\n<meta name=\"robots\" content=\"index, follow, max-snippet:-1, max-image-preview:large, max-video-preview:-1\" \/>\n<link rel=\"canonical\" href=\"https:\/\/www.festivalcinemaenliberte.com\/index.php\/interview\/\" \/>\n<meta property=\"og:locale\" content=\"fr_FR\" \/>\n<meta property=\"og:type\" content=\"article\" \/>\n<meta property=\"og:title\" content=\"INTERVIEW - Festival Cin\u00e9ma en libert\u00e9\" \/>\n<meta property=\"og:description\" content=\"Festival Cin\u00e9ma en libert\u00e9\" \/>\n<meta property=\"og:url\" content=\"https:\/\/www.festivalcinemaenliberte.com\/index.php\/interview\/\" \/>\n<meta property=\"og:site_name\" content=\"Festival Cin\u00e9ma en libert\u00e9\" \/>\n<meta property=\"article:publisher\" content=\"https:\/\/www.facebook.com\/cinemaenliberte\" \/>\n<meta property=\"article:modified_time\" content=\"2025-07-08T15:47:53+00:00\" \/>\n<meta property=\"og:image\" content=\"https:\/\/www.festivalcinemaenliberte.com\/wp-content\/uploads\/2024\/05\/logonew3-png.webp\" \/>\n\t<meta property=\"og:image:width\" content=\"816\" \/>\n\t<meta property=\"og:image:height\" content=\"1056\" \/>\n\t<meta property=\"og:image:type\" content=\"image\/png\" \/>\n<meta name=\"twitter:card\" content=\"summary_large_image\" \/>\n<meta name=\"twitter:label1\" content=\"Dur\u00e9e de lecture estim\u00e9e\" \/>\n\t<meta name=\"twitter:data1\" content=\"1 minute\" \/>\n<script type=\"application\/ld+json\" class=\"yoast-schema-graph\">{\"@context\":\"https:\\\/\\\/schema.org\",\"@graph\":[{\"@type\":\"WebPage\",\"@id\":\"https:\\\/\\\/www.festivalcinemaenliberte.com\\\/index.php\\\/interview\\\/\",\"url\":\"https:\\\/\\\/www.festivalcinemaenliberte.com\\\/index.php\\\/interview\\\/\",\"name\":\"INTERVIEW - Festival Cin\u00e9ma en libert\u00e9\",\"isPartOf\":{\"@id\":\"https:\\\/\\\/www.festivalcinemaenliberte.com\\\/#website\"},\"datePublished\":\"2022-03-10T09:14:31+00:00\",\"dateModified\":\"2025-07-08T15:47:53+00:00\",\"description\":\"Festival Cin\u00e9ma en libert\u00e9\",\"breadcrumb\":{\"@id\":\"https:\\\/\\\/www.festivalcinemaenliberte.com\\\/index.php\\\/interview\\\/#breadcrumb\"},\"inLanguage\":\"fr-FR\",\"potentialAction\":[{\"@type\":\"ReadAction\",\"target\":[\"https:\\\/\\\/www.festivalcinemaenliberte.com\\\/index.php\\\/interview\\\/\"]}]},{\"@type\":\"BreadcrumbList\",\"@id\":\"https:\\\/\\\/www.festivalcinemaenliberte.com\\\/index.php\\\/interview\\\/#breadcrumb\",\"itemListElement\":[{\"@type\":\"ListItem\",\"position\":1,\"name\":\"Accueil\",\"item\":\"https:\\\/\\\/www.festivalcinemaenliberte.com\\\/\"},{\"@type\":\"ListItem\",\"position\":2,\"name\":\"INTERVIEW\"}]},{\"@type\":\"WebSite\",\"@id\":\"https:\\\/\\\/www.festivalcinemaenliberte.com\\\/#website\",\"url\":\"https:\\\/\\\/www.festivalcinemaenliberte.com\\\/\",\"name\":\"Festival international Cin\u00e9ma en libert\u00e9\",\"description\":\"Festival international de courts m\u00e9trages\",\"publisher\":{\"@id\":\"https:\\\/\\\/www.festivalcinemaenliberte.com\\\/#organization\"},\"potentialAction\":[{\"@type\":\"SearchAction\",\"target\":{\"@type\":\"EntryPoint\",\"urlTemplate\":\"https:\\\/\\\/www.festivalcinemaenliberte.com\\\/?s={search_term_string}\"},\"query-input\":{\"@type\":\"PropertyValueSpecification\",\"valueRequired\":true,\"valueName\":\"search_term_string\"}}],\"inLanguage\":\"fr-FR\"},{\"@type\":\"Organization\",\"@id\":\"https:\\\/\\\/www.festivalcinemaenliberte.com\\\/#organization\",\"name\":\"Festival international de courts m\u00e9trages Cin\u00e9ma en libert\u00e9\",\"url\":\"https:\\\/\\\/www.festivalcinemaenliberte.com\\\/\",\"logo\":{\"@type\":\"ImageObject\",\"inLanguage\":\"fr-FR\",\"@id\":\"https:\\\/\\\/www.festivalcinemaenliberte.com\\\/#\\\/schema\\\/logo\\\/image\\\/\",\"url\":\"https:\\\/\\\/www.festivalcinemaenliberte.com\\\/wp-content\\\/uploads\\\/2024\\\/05\\\/logonew3-png.webp\",\"contentUrl\":\"https:\\\/\\\/www.festivalcinemaenliberte.com\\\/wp-content\\\/uploads\\\/2024\\\/05\\\/logonew3-png.webp\",\"width\":816,\"height\":1056,\"caption\":\"Festival international de courts m\u00e9trages Cin\u00e9ma en libert\u00e9\"},\"image\":{\"@id\":\"https:\\\/\\\/www.festivalcinemaenliberte.com\\\/#\\\/schema\\\/logo\\\/image\\\/\"},\"sameAs\":[\"https:\\\/\\\/www.facebook.com\\\/cinemaenliberte\"]}]}<\/script>\n<!-- \/ Yoast SEO plugin. -->","yoast_head_json":{"title":"INTERVIEW - Festival Cin\u00e9ma en libert\u00e9","description":"Festival Cin\u00e9ma en libert\u00e9","robots":{"index":"index","follow":"follow","max-snippet":"max-snippet:-1","max-image-preview":"max-image-preview:large","max-video-preview":"max-video-preview:-1"},"canonical":"https:\/\/www.festivalcinemaenliberte.com\/index.php\/interview\/","og_locale":"fr_FR","og_type":"article","og_title":"INTERVIEW - Festival Cin\u00e9ma en libert\u00e9","og_description":"Festival Cin\u00e9ma en libert\u00e9","og_url":"https:\/\/www.festivalcinemaenliberte.com\/index.php\/interview\/","og_site_name":"Festival Cin\u00e9ma en libert\u00e9","article_publisher":"https:\/\/www.facebook.com\/cinemaenliberte","article_modified_time":"2025-07-08T15:47:53+00:00","og_image":[{"width":816,"height":1056,"url":"https:\/\/www.festivalcinemaenliberte.com\/wp-content\/uploads\/2024\/05\/logonew3-png.webp","type":"image\/png"}],"twitter_card":"summary_large_image","twitter_misc":{"Dur\u00e9e de lecture estim\u00e9e":"1 minute"},"schema":{"@context":"https:\/\/schema.org","@graph":[{"@type":"WebPage","@id":"https:\/\/www.festivalcinemaenliberte.com\/index.php\/interview\/","url":"https:\/\/www.festivalcinemaenliberte.com\/index.php\/interview\/","name":"INTERVIEW - Festival Cin\u00e9ma en libert\u00e9","isPartOf":{"@id":"https:\/\/www.festivalcinemaenliberte.com\/#website"},"datePublished":"2022-03-10T09:14:31+00:00","dateModified":"2025-07-08T15:47:53+00:00","description":"Festival Cin\u00e9ma en libert\u00e9","breadcrumb":{"@id":"https:\/\/www.festivalcinemaenliberte.com\/index.php\/interview\/#breadcrumb"},"inLanguage":"fr-FR","potentialAction":[{"@type":"ReadAction","target":["https:\/\/www.festivalcinemaenliberte.com\/index.php\/interview\/"]}]},{"@type":"BreadcrumbList","@id":"https:\/\/www.festivalcinemaenliberte.com\/index.php\/interview\/#breadcrumb","itemListElement":[{"@type":"ListItem","position":1,"name":"Accueil","item":"https:\/\/www.festivalcinemaenliberte.com\/"},{"@type":"ListItem","position":2,"name":"INTERVIEW"}]},{"@type":"WebSite","@id":"https:\/\/www.festivalcinemaenliberte.com\/#website","url":"https:\/\/www.festivalcinemaenliberte.com\/","name":"Festival international Cin\u00e9ma en libert\u00e9","description":"Festival international de courts m\u00e9trages","publisher":{"@id":"https:\/\/www.festivalcinemaenliberte.com\/#organization"},"potentialAction":[{"@type":"SearchAction","target":{"@type":"EntryPoint","urlTemplate":"https:\/\/www.festivalcinemaenliberte.com\/?s={search_term_string}"},"query-input":{"@type":"PropertyValueSpecification","valueRequired":true,"valueName":"search_term_string"}}],"inLanguage":"fr-FR"},{"@type":"Organization","@id":"https:\/\/www.festivalcinemaenliberte.com\/#organization","name":"Festival international de courts m\u00e9trages Cin\u00e9ma en libert\u00e9","url":"https:\/\/www.festivalcinemaenliberte.com\/","logo":{"@type":"ImageObject","inLanguage":"fr-FR","@id":"https:\/\/www.festivalcinemaenliberte.com\/#\/schema\/logo\/image\/","url":"https:\/\/www.festivalcinemaenliberte.com\/wp-content\/uploads\/2024\/05\/logonew3-png.webp","contentUrl":"https:\/\/www.festivalcinemaenliberte.com\/wp-content\/uploads\/2024\/05\/logonew3-png.webp","width":816,"height":1056,"caption":"Festival international de courts m\u00e9trages Cin\u00e9ma en libert\u00e9"},"image":{"@id":"https:\/\/www.festivalcinemaenliberte.com\/#\/schema\/logo\/image\/"},"sameAs":["https:\/\/www.facebook.com\/cinemaenliberte"]}]}},"_links":{"self":[{"href":"https:\/\/www.festivalcinemaenliberte.com\/index.php\/wp-json\/wp\/v2\/pages\/1287","targetHints":{"allow":["GET"]}}],"collection":[{"href":"https:\/\/www.festivalcinemaenliberte.com\/index.php\/wp-json\/wp\/v2\/pages"}],"about":[{"href":"https:\/\/www.festivalcinemaenliberte.com\/index.php\/wp-json\/wp\/v2\/types\/page"}],"author":[{"embeddable":true,"href":"https:\/\/www.festivalcinemaenliberte.com\/index.php\/wp-json\/wp\/v2\/users\/1"}],"replies":[{"embeddable":true,"href":"https:\/\/www.festivalcinemaenliberte.com\/index.php\/wp-json\/wp\/v2\/comments?post=1287"}],"version-history":[{"count":0,"href":"https:\/\/www.festivalcinemaenliberte.com\/index.php\/wp-json\/wp\/v2\/pages\/1287\/revisions"}],"wp:attachment":[{"href":"https:\/\/www.festivalcinemaenliberte.com\/index.php\/wp-json\/wp\/v2\/media?parent=1287"}],"curies":[{"name":"wp","href":"https:\/\/api.w.org\/{rel}","templated":true}]}}