{"id":1293,"date":"2022-03-10T10:40:00","date_gmt":"2022-03-10T09:40:00","guid":{"rendered":"http:\/\/www.festivalcinemaenliberte.com\/?page_id=1293"},"modified":"2026-02-14T17:22:17","modified_gmt":"2026-02-14T16:22:17","slug":"accreditations","status":"publish","type":"page","link":"https:\/\/www.festivalcinemaenliberte.com\/index.php\/accreditations\/","title":{"rendered":"Accr\u00e9ditations"},"content":{"rendered":"\t\t<div data-elementor-type=\"wp-page\" data-elementor-id=\"1293\" class=\"elementor elementor-1293\">\n\t\t\t\t<div class=\"elementor-element elementor-element-c4e14f0 e-flex e-con-boxed wpr-particle-no wpr-jarallax-no wpr-parallax-no wpr-sticky-section-no wpr-equal-height-no e-con e-parent\" data-id=\"c4e14f0\" data-element_type=\"container\" data-e-type=\"container\">\n\t\t\t\t\t<div class=\"e-con-inner\">\n\t\t\t\t<div class=\"elementor-element elementor-element-45b9b4e elementor-widget elementor-widget-spacer\" data-id=\"45b9b4e\" data-element_type=\"widget\" data-e-type=\"widget\" data-widget_type=\"spacer.default\">\n\t\t\t\t<div class=\"elementor-widget-container\">\n\t\t\t\t\t\t\t<div class=\"elementor-spacer\">\n\t\t\t<div class=\"elementor-spacer-inner\"><\/div>\n\t\t<\/div>\n\t\t\t\t\t\t<\/div>\n\t\t\t\t<\/div>\n\t\t\t\t\t<\/div>\n\t\t\t\t<\/div>\n\t\t<div class=\"elementor-element elementor-element-76d0f9c e-flex e-con-boxed wpr-particle-no wpr-jarallax-no wpr-parallax-no wpr-sticky-section-no wpr-equal-height-no e-con e-parent\" data-id=\"76d0f9c\" data-element_type=\"container\" data-e-type=\"container\">\n\t\t\t\t\t<div class=\"e-con-inner\">\n\t\t\t\t<div class=\"elementor-element elementor-element-e354d5b elementor-widget elementor-widget-heading\" data-id=\"e354d5b\" data-element_type=\"widget\" data-e-type=\"widget\" data-widget_type=\"heading.default\">\n\t\t\t\t<div class=\"elementor-widget-container\">\n\t\t\t\t\t<h2 class=\"elementor-heading-title elementor-size-default\">Accr\u00e9ditations<\/h2>\t\t\t\t<\/div>\n\t\t\t\t<\/div>\n\t\t\t\t\t<\/div>\n\t\t\t\t<\/div>\n\t\t<div class=\"elementor-element elementor-element-c6998cd e-flex e-con-boxed wpr-particle-no wpr-jarallax-no wpr-parallax-no wpr-sticky-section-no wpr-equal-height-no e-con e-parent\" data-id=\"c6998cd\" data-element_type=\"container\" data-e-type=\"container\">\n\t\t\t\t\t<div class=\"e-con-inner\">\n\t\t\t\t<div class=\"elementor-element elementor-element-18d3bf7 elementor-widget elementor-widget-spacer\" data-id=\"18d3bf7\" data-element_type=\"widget\" data-e-type=\"widget\" data-widget_type=\"spacer.default\">\n\t\t\t\t<div class=\"elementor-widget-container\">\n\t\t\t\t\t\t\t<div class=\"elementor-spacer\">\n\t\t\t<div class=\"elementor-spacer-inner\"><\/div>\n\t\t<\/div>\n\t\t\t\t\t\t<\/div>\n\t\t\t\t<\/div>\n\t\t\t\t\t<\/div>\n\t\t\t\t<\/div>\n\t\t<div class=\"elementor-element elementor-element-17e5a63 e-flex e-con-boxed wpr-particle-no wpr-jarallax-no wpr-parallax-no wpr-sticky-section-no wpr-equal-height-no e-con e-parent\" data-id=\"17e5a63\" data-element_type=\"container\" data-e-type=\"container\">\n\t\t\t\t\t<div class=\"e-con-inner\">\n\t\t<div class=\"elementor-element elementor-element-9456465 e-con-full e-flex wpr-particle-no wpr-jarallax-no wpr-parallax-no wpr-sticky-section-no wpr-equal-height-no e-con e-child\" data-id=\"9456465\" data-element_type=\"container\" data-e-type=\"container\" data-settings=\"{&quot;background_background&quot;:&quot;classic&quot;}\">\n\t\t\t\t<div class=\"elementor-element elementor-element-9680fc9 elementor-widget elementor-widget-text-editor\" data-id=\"9680fc9\" data-element_type=\"widget\" data-e-type=\"widget\" data-widget_type=\"text-editor.default\">\n\t\t\t\t<div class=\"elementor-widget-container\">\n\t\t\t\t\t\t\t\t\t<p>L\u2019accr\u00e9ditation presse, sous r\u00e9serve d\u2019acceptation, est laiss\u00e9e \u00e0 la discr\u00e9tion du festival et dans la limite des places disponibles. Les accr\u00e9ditations professionnelles et presse seront \u00e0 retirer \u00e0 l\u2019entr\u00e9e et \u00e0 l\u2019accueil du festival.<\/p>\t\t\t\t\t\t\t\t<\/div>\n\t\t\t\t<\/div>\n\t\t\t\t<\/div>\n\t\t\t\t\t<\/div>\n\t\t\t\t<\/div>\n\t\t<div class=\"elementor-element elementor-element-68bd691 e-flex e-con-boxed wpr-particle-no wpr-jarallax-no wpr-parallax-no wpr-sticky-section-no wpr-equal-height-no e-con e-parent\" data-id=\"68bd691\" data-element_type=\"container\" data-e-type=\"container\">\n\t\t\t\t\t<div class=\"e-con-inner\">\n\t\t\t\t<div class=\"elementor-element elementor-element-b469d0c elementor-widget elementor-widget-spacer\" data-id=\"b469d0c\" data-element_type=\"widget\" data-e-type=\"widget\" data-widget_type=\"spacer.default\">\n\t\t\t\t<div class=\"elementor-widget-container\">\n\t\t\t\t\t\t\t<div class=\"elementor-spacer\">\n\t\t\t<div class=\"elementor-spacer-inner\"><\/div>\n\t\t<\/div>\n\t\t\t\t\t\t<\/div>\n\t\t\t\t<\/div>\n\t\t\t\t\t<\/div>\n\t\t\t\t<\/div>\n\t\t<div class=\"elementor-element elementor-element-50eda56 e-con-full e-flex wpr-particle-no wpr-jarallax-no wpr-parallax-no wpr-sticky-section-no wpr-equal-height-no e-con e-parent\" data-id=\"50eda56\" data-element_type=\"container\" data-e-type=\"container\">\n\t\t<div class=\"elementor-element elementor-element-df79cbb e-con-full e-flex wpr-particle-no wpr-jarallax-no wpr-parallax-no wpr-sticky-section-no wpr-equal-height-no e-con e-child\" data-id=\"df79cbb\" data-element_type=\"container\" data-e-type=\"container\">\n\t\t\t\t<div class=\"elementor-element elementor-element-1c3d357 elementor-widget__width-initial fancy-border elementor-widget elementor-widget-html\" data-id=\"1c3d357\" data-element_type=\"widget\" data-e-type=\"widget\" data-widget_type=\"html.default\">\n\t\t\t\t<div class=\"elementor-widget-container\">\n\t\t\t\t\t<!DOCTYPE html>\r\n<html>\r\n<head>\r\n  <meta charset=\"UTF-8\">\r\n  <title>Formulaire de Contact<\/title>\r\n  <script src=\"https:\/\/www.google.com\/recaptcha\/api.js\" async defer><\/script>\r\n  <style>\r\n  \r\n    body {\r\n      background-color: black;\r\n      font-family: 'Montserrat', sans-serif;\r\n      color: white;\r\n      padding: 20px;\r\n    }\r\n    form {\r\n      max-width: 500px;\r\n      margin: auto;\r\n    }\r\n    label {\r\n      font-weight: bold;\r\n      display: block;\r\n      margin-top: 15px;\r\n      margin-bottom: 5px;\r\n    }\r\n    input[type=\"text\"],\r\n    input[type=\"email\"],\r\n    input[type=\"tel\"],\r\n    textarea {\r\n      width: 100%;\r\n      padding: 10px;\r\n      background-color: white;\r\n      color: black;\r\n      border: none;\r\n      border-radius: 5px;\r\n      font-size: 14px;\r\n      box-sizing: border-box;\r\n    }\r\n    input[type=\"submit\"] {\r\n      margin-top: 20px;\r\n      background-color: red;\r\n      color: white;\r\n      padding: 10px;\r\n      border: none;\r\n      border-radius: 5px;\r\n      cursor: pointer;\r\n      font-weight: bold;\r\n    }\r\n    input[type=\"submit\"]:hover {\r\n      background-color: darkred;\r\n    }\r\n    .g-recaptcha {\r\n      margin-top: 20px;\r\n    }\r\n    .required-asterisk {\r\n      color: red;\r\n    }\r\n    .checkbox-wrapper {\r\n  display: flex;\r\n  align-items: flex-start;\r\n  gap: 10px;\r\n}\r\n\r\n.checkbox-wrapper input[type=\"checkbox\"] {\r\n  margin-top: 4px;\r\n  transform: scale(1.2);\r\n}\r\n\r\n.checkbox-text {\r\n  font-size: 14px;\r\n  line-height: 1.5;\r\n  color: white;\r\n}\r\n\r\n.checkbox-text a {\r\n  color: #1e90ff;\r\n  text-decoration: none;\r\n}\r\n\r\n.checkbox-text a:hover {\r\n  text-decoration: underline;\r\n}\r\n  <\/style>\r\n<\/head>\r\n<body>\r\n  <form id=\"contactForm\">\r\n    <label for=\"nom\">Nom <span class=\"required-asterisk\">*<\/span><\/label>\r\n    <input type=\"text\" id=\"nom\" name=\"nom\" required>\r\n\r\n    <label for=\"prenom\">Pr\u00e9nom <span class=\"required-asterisk\">*<\/span><\/label>\r\n    <input type=\"text\" id=\"prenom\" name=\"prenom\" required>\r\n\r\n    <label for=\"societe\">Soci\u00e9t\u00e9<\/label>\r\n    <input type=\"text\" id=\"societe\" name=\"societe\">\r\n\r\n    <label for=\"telephone\">T\u00e9l\u00e9phone <span class=\"required-asterisk\">*<\/span><\/label>\r\n    <input type=\"tel\" id=\"telephone\" name=\"telephone\" required pattern=\"[0-9]{10}\">\r\n\r\n    <label for=\"email\">Email <span class=\"required-asterisk\">*<\/span><\/label>\r\n    <input type=\"email\" id=\"email\" name=\"email\" required>\r\n\r\n    <label for=\"objet\">Objet <span class=\"required-asterisk\">*<\/span><\/label>\r\n    <input type=\"text\" id=\"objet\" name=\"objet\" required>\r\n\r\n    <label for=\"message\">Message <span class=\"required-asterisk\">*<\/span><\/label>\r\n    <textarea id=\"message\" name=\"message\" rows=\"5\" required><\/textarea>\r\n\r\n    <div class=\"checkbox-container\">\r\n  <div class=\"checkbox-wrapper\">\r\n    <input type=\"checkbox\" name=\"consentement\" value=\"Consentement ok\" required>\r\n    <div class=\"checkbox-text\">\r\n      En cochant cette case, j'accepte que mes <strong>donn\u00e9es personnelles soient collect\u00e9es et utilis\u00e9es<\/strong> conform\u00e9ment \u00e0 la \r\n      <a href=\"https:\/\/www.festivalcinemaenliberte.com\/index.php\/mentions-legales#cnil\" target=\"_blank\">Politique de confidentialit\u00e9<\/a><span class=\"required-asterisk\"> *<\/span>.\r\n    <\/div>\r\n  <\/div>\r\n<\/div>\r\n\r\n    <div class=\"g-recaptcha\" data-sitekey=\"6LdoKf0qAAAAANlMTjDLu-7AbF4Fs4gb3wAAL-JU\"><\/div>\r\n\r\n    <input type=\"submit\" value=\"Envoyer\">\r\n  <\/form>\r\n\r\n  <script>\r\n  document.getElementById(\"contactForm\").addEventListener(\"submit\", function(e) {\r\n    e.preventDefault();\r\n\r\n    const recaptchaResponse = grecaptcha.getResponse();\r\n    if (!recaptchaResponse) {\r\n      alert(\"Merci de valider le reCAPTCHA.\");\r\n      return;\r\n    }\r\n\r\n    const consentement = document.getElementsByName(\"consentement\")[0].checked;\r\n    if (!consentement) {\r\n      alert(\"Merci d'accepter le traitement des donn\u00e9es.\");\r\n      return;\r\n    }\r\n\r\n    const formData = new FormData(this);\r\n    const data = Object.fromEntries(formData.entries());\r\n\r\n    \/\/ Ajout du champ consentement explicite\r\n    data[\"consentement\"] = \"Consentement ok\";\r\n    data[\"g-recaptcha-response\"] = recaptchaResponse;\r\n\r\n    fetch(\"https:\/\/script.google.com\/macros\/s\/AKfycbwHMKnz3wCKcjHiZgza5UhSqG834YKrBOPakvDqPRvn_v40QLtPKNDUrTvdx8rra-14\/exec\", {\r\n      method: \"POST\",\r\n      mode: \"no-cors\",\r\n      headers: { \"Content-Type\": \"application\/json\" },\r\n      body: JSON.stringify(data)\r\n    })\r\n    .then(response => {\r\n      \/\/ Affichage du message de succ\u00e8s sans erreur HTTP 0\r\n      alert(\"Formulaire envoy\u00e9 avec succ\u00e8s !\");\r\n      document.getElementById(\"contactForm\").reset();\r\n      grecaptcha.reset();\r\n    })\r\n    .catch(error => {\r\n      console.error(\"Erreur:\", error);\r\n      \/\/ Ne rien afficher concernant l'erreur HTTP 0\r\n      alert(\"Erreur lors de l'envoi. Veuillez r\u00e9essayer.\");\r\n    });\r\n  });\r\n  <\/script>\r\n\r\n<\/body>\r\n<\/html>\r\n\t\t\t\t<\/div>\n\t\t\t\t<\/div>\n\t\t\t\t<\/div>\n\t\t\t\t<\/div>\n\t\t\t\t<\/div>\n\t\t","protected":false},"excerpt":{"rendered":"<p>Accr\u00e9ditations L\u2019accr\u00e9ditation presse, sous r\u00e9serve d\u2019acceptation, est laiss\u00e9e \u00e0 la discr\u00e9tion du festival et dans la limite des places disponibles. Les accr\u00e9ditations professionnelles et presse seront \u00e0 retirer \u00e0 l\u2019entr\u00e9e &hellip;<\/p>\n","protected":false},"author":1,"featured_media":0,"parent":0,"menu_order":0,"comment_status":"closed","ping_status":"closed","template":"elementor_header_footer","meta":{"footnotes":""},"class_list":["post-1293","page","type-page","status-publish","hentry"],"yoast_head":"<!-- This site is optimized with the Yoast SEO plugin v27.4 - https:\/\/yoast.com\/product\/yoast-seo-wordpress\/ -->\n<title>Accr\u00e9ditations - Festival Cin\u00e9ma en libert\u00e9<\/title>\n<meta name=\"description\" content=\"Festival Cin\u00e9ma en libert\u00e9\" \/>\n<meta name=\"robots\" content=\"index, follow, max-snippet:-1, max-image-preview:large, max-video-preview:-1\" \/>\n<link rel=\"canonical\" href=\"https:\/\/www.festivalcinemaenliberte.com\/index.php\/accreditations\/\" \/>\n<meta property=\"og:locale\" content=\"fr_FR\" \/>\n<meta property=\"og:type\" content=\"article\" \/>\n<meta property=\"og:title\" content=\"Accr\u00e9ditations - Festival Cin\u00e9ma en libert\u00e9\" \/>\n<meta property=\"og:description\" content=\"Festival Cin\u00e9ma en libert\u00e9\" \/>\n<meta property=\"og:url\" content=\"https:\/\/www.festivalcinemaenliberte.com\/index.php\/accreditations\/\" \/>\n<meta property=\"og:site_name\" content=\"Festival Cin\u00e9ma en libert\u00e9\" \/>\n<meta property=\"article:publisher\" content=\"https:\/\/www.facebook.com\/cinemaenliberte\" \/>\n<meta property=\"article:modified_time\" content=\"2026-02-14T16:22:17+00:00\" \/>\n<meta property=\"og:image\" content=\"https:\/\/www.festivalcinemaenliberte.com\/wp-content\/uploads\/2024\/05\/logonew3-png.webp\" \/>\n\t<meta property=\"og:image:width\" content=\"816\" \/>\n\t<meta property=\"og:image:height\" content=\"1056\" \/>\n\t<meta property=\"og:image:type\" content=\"image\/png\" \/>\n<meta name=\"twitter:card\" content=\"summary_large_image\" \/>\n<meta name=\"twitter:label1\" content=\"Dur\u00e9e de lecture estim\u00e9e\" \/>\n\t<meta name=\"twitter:data1\" content=\"1 minute\" \/>\n<script type=\"application\/ld+json\" class=\"yoast-schema-graph\">{\"@context\":\"https:\\\/\\\/schema.org\",\"@graph\":[{\"@type\":\"WebPage\",\"@id\":\"https:\\\/\\\/www.festivalcinemaenliberte.com\\\/index.php\\\/accreditations\\\/\",\"url\":\"https:\\\/\\\/www.festivalcinemaenliberte.com\\\/index.php\\\/accreditations\\\/\",\"name\":\"Accr\u00e9ditations - Festival Cin\u00e9ma en libert\u00e9\",\"isPartOf\":{\"@id\":\"https:\\\/\\\/www.festivalcinemaenliberte.com\\\/#website\"},\"datePublished\":\"2022-03-10T09:40:00+00:00\",\"dateModified\":\"2026-02-14T16:22:17+00:00\",\"description\":\"Festival Cin\u00e9ma en libert\u00e9\",\"breadcrumb\":{\"@id\":\"https:\\\/\\\/www.festivalcinemaenliberte.com\\\/index.php\\\/accreditations\\\/#breadcrumb\"},\"inLanguage\":\"fr-FR\",\"potentialAction\":[{\"@type\":\"ReadAction\",\"target\":[\"https:\\\/\\\/www.festivalcinemaenliberte.com\\\/index.php\\\/accreditations\\\/\"]}]},{\"@type\":\"BreadcrumbList\",\"@id\":\"https:\\\/\\\/www.festivalcinemaenliberte.com\\\/index.php\\\/accreditations\\\/#breadcrumb\",\"itemListElement\":[{\"@type\":\"ListItem\",\"position\":1,\"name\":\"Accueil\",\"item\":\"https:\\\/\\\/www.festivalcinemaenliberte.com\\\/\"},{\"@type\":\"ListItem\",\"position\":2,\"name\":\"Accr\u00e9ditations\"}]},{\"@type\":\"WebSite\",\"@id\":\"https:\\\/\\\/www.festivalcinemaenliberte.com\\\/#website\",\"url\":\"https:\\\/\\\/www.festivalcinemaenliberte.com\\\/\",\"name\":\"Festival international Cin\u00e9ma en libert\u00e9\",\"description\":\"Festival international de courts m\u00e9trages\",\"publisher\":{\"@id\":\"https:\\\/\\\/www.festivalcinemaenliberte.com\\\/#organization\"},\"potentialAction\":[{\"@type\":\"SearchAction\",\"target\":{\"@type\":\"EntryPoint\",\"urlTemplate\":\"https:\\\/\\\/www.festivalcinemaenliberte.com\\\/?s={search_term_string}\"},\"query-input\":{\"@type\":\"PropertyValueSpecification\",\"valueRequired\":true,\"valueName\":\"search_term_string\"}}],\"inLanguage\":\"fr-FR\"},{\"@type\":\"Organization\",\"@id\":\"https:\\\/\\\/www.festivalcinemaenliberte.com\\\/#organization\",\"name\":\"Festival international de courts m\u00e9trages Cin\u00e9ma en libert\u00e9\",\"url\":\"https:\\\/\\\/www.festivalcinemaenliberte.com\\\/\",\"logo\":{\"@type\":\"ImageObject\",\"inLanguage\":\"fr-FR\",\"@id\":\"https:\\\/\\\/www.festivalcinemaenliberte.com\\\/#\\\/schema\\\/logo\\\/image\\\/\",\"url\":\"https:\\\/\\\/www.festivalcinemaenliberte.com\\\/wp-content\\\/uploads\\\/2024\\\/05\\\/logonew3-png.webp\",\"contentUrl\":\"https:\\\/\\\/www.festivalcinemaenliberte.com\\\/wp-content\\\/uploads\\\/2024\\\/05\\\/logonew3-png.webp\",\"width\":816,\"height\":1056,\"caption\":\"Festival international de courts m\u00e9trages Cin\u00e9ma en libert\u00e9\"},\"image\":{\"@id\":\"https:\\\/\\\/www.festivalcinemaenliberte.com\\\/#\\\/schema\\\/logo\\\/image\\\/\"},\"sameAs\":[\"https:\\\/\\\/www.facebook.com\\\/cinemaenliberte\"]}]}<\/script>\n<!-- \/ Yoast SEO plugin. -->","yoast_head_json":{"title":"Accr\u00e9ditations - Festival Cin\u00e9ma en libert\u00e9","description":"Festival Cin\u00e9ma en libert\u00e9","robots":{"index":"index","follow":"follow","max-snippet":"max-snippet:-1","max-image-preview":"max-image-preview:large","max-video-preview":"max-video-preview:-1"},"canonical":"https:\/\/www.festivalcinemaenliberte.com\/index.php\/accreditations\/","og_locale":"fr_FR","og_type":"article","og_title":"Accr\u00e9ditations - Festival Cin\u00e9ma en libert\u00e9","og_description":"Festival Cin\u00e9ma en libert\u00e9","og_url":"https:\/\/www.festivalcinemaenliberte.com\/index.php\/accreditations\/","og_site_name":"Festival Cin\u00e9ma en libert\u00e9","article_publisher":"https:\/\/www.facebook.com\/cinemaenliberte","article_modified_time":"2026-02-14T16:22:17+00:00","og_image":[{"width":816,"height":1056,"url":"https:\/\/www.festivalcinemaenliberte.com\/wp-content\/uploads\/2024\/05\/logonew3-png.webp","type":"image\/png"}],"twitter_card":"summary_large_image","twitter_misc":{"Dur\u00e9e de lecture estim\u00e9e":"1 minute"},"schema":{"@context":"https:\/\/schema.org","@graph":[{"@type":"WebPage","@id":"https:\/\/www.festivalcinemaenliberte.com\/index.php\/accreditations\/","url":"https:\/\/www.festivalcinemaenliberte.com\/index.php\/accreditations\/","name":"Accr\u00e9ditations - Festival Cin\u00e9ma en libert\u00e9","isPartOf":{"@id":"https:\/\/www.festivalcinemaenliberte.com\/#website"},"datePublished":"2022-03-10T09:40:00+00:00","dateModified":"2026-02-14T16:22:17+00:00","description":"Festival Cin\u00e9ma en libert\u00e9","breadcrumb":{"@id":"https:\/\/www.festivalcinemaenliberte.com\/index.php\/accreditations\/#breadcrumb"},"inLanguage":"fr-FR","potentialAction":[{"@type":"ReadAction","target":["https:\/\/www.festivalcinemaenliberte.com\/index.php\/accreditations\/"]}]},{"@type":"BreadcrumbList","@id":"https:\/\/www.festivalcinemaenliberte.com\/index.php\/accreditations\/#breadcrumb","itemListElement":[{"@type":"ListItem","position":1,"name":"Accueil","item":"https:\/\/www.festivalcinemaenliberte.com\/"},{"@type":"ListItem","position":2,"name":"Accr\u00e9ditations"}]},{"@type":"WebSite","@id":"https:\/\/www.festivalcinemaenliberte.com\/#website","url":"https:\/\/www.festivalcinemaenliberte.com\/","name":"Festival international Cin\u00e9ma en libert\u00e9","description":"Festival international de courts m\u00e9trages","publisher":{"@id":"https:\/\/www.festivalcinemaenliberte.com\/#organization"},"potentialAction":[{"@type":"SearchAction","target":{"@type":"EntryPoint","urlTemplate":"https:\/\/www.festivalcinemaenliberte.com\/?s={search_term_string}"},"query-input":{"@type":"PropertyValueSpecification","valueRequired":true,"valueName":"search_term_string"}}],"inLanguage":"fr-FR"},{"@type":"Organization","@id":"https:\/\/www.festivalcinemaenliberte.com\/#organization","name":"Festival international de courts m\u00e9trages Cin\u00e9ma en libert\u00e9","url":"https:\/\/www.festivalcinemaenliberte.com\/","logo":{"@type":"ImageObject","inLanguage":"fr-FR","@id":"https:\/\/www.festivalcinemaenliberte.com\/#\/schema\/logo\/image\/","url":"https:\/\/www.festivalcinemaenliberte.com\/wp-content\/uploads\/2024\/05\/logonew3-png.webp","contentUrl":"https:\/\/www.festivalcinemaenliberte.com\/wp-content\/uploads\/2024\/05\/logonew3-png.webp","width":816,"height":1056,"caption":"Festival international de courts m\u00e9trages Cin\u00e9ma en libert\u00e9"},"image":{"@id":"https:\/\/www.festivalcinemaenliberte.com\/#\/schema\/logo\/image\/"},"sameAs":["https:\/\/www.facebook.com\/cinemaenliberte"]}]}},"_links":{"self":[{"href":"https:\/\/www.festivalcinemaenliberte.com\/index.php\/wp-json\/wp\/v2\/pages\/1293","targetHints":{"allow":["GET"]}}],"collection":[{"href":"https:\/\/www.festivalcinemaenliberte.com\/index.php\/wp-json\/wp\/v2\/pages"}],"about":[{"href":"https:\/\/www.festivalcinemaenliberte.com\/index.php\/wp-json\/wp\/v2\/types\/page"}],"author":[{"embeddable":true,"href":"https:\/\/www.festivalcinemaenliberte.com\/index.php\/wp-json\/wp\/v2\/users\/1"}],"replies":[{"embeddable":true,"href":"https:\/\/www.festivalcinemaenliberte.com\/index.php\/wp-json\/wp\/v2\/comments?post=1293"}],"version-history":[{"count":0,"href":"https:\/\/www.festivalcinemaenliberte.com\/index.php\/wp-json\/wp\/v2\/pages\/1293\/revisions"}],"wp:attachment":[{"href":"https:\/\/www.festivalcinemaenliberte.com\/index.php\/wp-json\/wp\/v2\/media?parent=1293"}],"curies":[{"name":"wp","href":"https:\/\/api.w.org\/{rel}","templated":true}]}}