{"id":2147,"date":"2024-05-07T14:33:24","date_gmt":"2024-05-07T12:33:24","guid":{"rendered":"http:\/\/www.festivalcinemaenliberte.com\/?page_id=2147"},"modified":"2026-02-14T17:30:59","modified_gmt":"2026-02-14T16:30:59","slug":"presse","status":"publish","type":"page","link":"https:\/\/www.festivalcinemaenliberte.com\/index.php\/presse\/","title":{"rendered":"Presse"},"content":{"rendered":"\t\t<div data-elementor-type=\"wp-page\" data-elementor-id=\"2147\" class=\"elementor elementor-2147\">\n\t\t\t\t<div class=\"elementor-element elementor-element-e03da81 e-flex e-con-boxed wpr-particle-no wpr-jarallax-no wpr-parallax-no wpr-sticky-section-no wpr-column-slider-no wpr-equal-height-no e-con e-parent\" data-id=\"e03da81\" data-element_type=\"container\" data-e-type=\"container\">\n\t\t\t\t\t<div class=\"e-con-inner\">\n\t\t\t\t<div class=\"elementor-element elementor-element-5e636a9 elementor-widget elementor-widget-spacer\" data-id=\"5e636a9\" data-element_type=\"widget\" data-e-type=\"widget\" data-widget_type=\"spacer.default\">\n\t\t\t\t<div class=\"elementor-widget-container\">\n\t\t\t\t\t\t\t<div class=\"elementor-spacer\">\n\t\t\t<div class=\"elementor-spacer-inner\"><\/div>\n\t\t<\/div>\n\t\t\t\t\t\t<\/div>\n\t\t\t\t<\/div>\n\t\t\t\t\t<\/div>\n\t\t\t\t<\/div>\n\t\t<div class=\"elementor-element elementor-element-afadce6 e-flex e-con-boxed wpr-particle-no wpr-jarallax-no wpr-parallax-no wpr-sticky-section-no wpr-column-slider-no wpr-equal-height-no e-con e-parent\" data-id=\"afadce6\" data-element_type=\"container\" data-e-type=\"container\" data-settings=\"{&quot;background_background&quot;:&quot;classic&quot;}\">\n\t\t\t\t\t<div class=\"e-con-inner\">\n\t\t\t\t<div class=\"elementor-element elementor-element-8d9f076 elementor-widget elementor-widget-heading\" data-id=\"8d9f076\" data-element_type=\"widget\" data-e-type=\"widget\" data-widget_type=\"heading.default\">\n\t\t\t\t<div class=\"elementor-widget-container\">\n\t\t\t\t\t<h2 class=\"elementor-heading-title elementor-size-default\">REVUE DE PRESSE<\/h2>\t\t\t\t<\/div>\n\t\t\t\t<\/div>\n\t\t\t\t<div class=\"elementor-element elementor-element-fec5000 elementor-widget elementor-widget-spacer\" data-id=\"fec5000\" data-element_type=\"widget\" data-e-type=\"widget\" data-widget_type=\"spacer.default\">\n\t\t\t\t<div class=\"elementor-widget-container\">\n\t\t\t\t\t\t\t<div class=\"elementor-spacer\">\n\t\t\t<div class=\"elementor-spacer-inner\"><\/div>\n\t\t<\/div>\n\t\t\t\t\t\t<\/div>\n\t\t\t\t<\/div>\n\t\t\t\t\t<\/div>\n\t\t\t\t<\/div>\n\t\t<div class=\"elementor-element elementor-element-8e55c72 e-flex e-con-boxed wpr-particle-no wpr-jarallax-no wpr-parallax-no wpr-sticky-section-no wpr-column-slider-no wpr-equal-height-no e-con e-parent\" data-id=\"8e55c72\" data-element_type=\"container\" data-e-type=\"container\" data-settings=\"{&quot;background_background&quot;:&quot;classic&quot;}\">\n\t\t\t\t\t<div class=\"e-con-inner\">\n\t\t\t\t<div class=\"elementor-element elementor-element-322f90d elementor-widget elementor-widget-spacer\" data-id=\"322f90d\" data-element_type=\"widget\" data-e-type=\"widget\" data-widget_type=\"spacer.default\">\n\t\t\t\t<div class=\"elementor-widget-container\">\n\t\t\t\t\t\t\t<div class=\"elementor-spacer\">\n\t\t\t<div class=\"elementor-spacer-inner\"><\/div>\n\t\t<\/div>\n\t\t\t\t\t\t<\/div>\n\t\t\t\t<\/div>\n\t\t\t\t\t<\/div>\n\t\t\t\t<\/div>\n\t\t<div class=\"elementor-element elementor-element-dcdafa8 e-flex e-con-boxed wpr-particle-no wpr-jarallax-no wpr-parallax-no wpr-sticky-section-no wpr-column-slider-no wpr-equal-height-no e-con e-parent\" data-id=\"dcdafa8\" data-element_type=\"container\" data-e-type=\"container\" data-settings=\"{&quot;background_background&quot;:&quot;classic&quot;}\">\n\t\t\t\t\t<div class=\"e-con-inner\">\n\t\t\t\t<div class=\"elementor-element elementor-element-1e9c812 elementor-widget elementor-widget-heading\" data-id=\"1e9c812\" data-element_type=\"widget\" data-e-type=\"widget\" data-widget_type=\"heading.default\">\n\t\t\t\t<div class=\"elementor-widget-container\">\n\t\t\t\t\t<h2 class=\"elementor-heading-title elementor-size-default\">D\u00e9couvrez tous les num\u00e9ros hors-s\u00e9rie du Journal de la Cit\u00e9 des Arts, publi\u00e9s chaque ann\u00e9e \u00e0 l\u2019occasion de notre festival.<\/h2>\t\t\t\t<\/div>\n\t\t\t\t<\/div>\n\t\t\t\t\t<\/div>\n\t\t\t\t<\/div>\n\t\t<div class=\"elementor-element elementor-element-bc06753 e-flex e-con-boxed wpr-particle-no wpr-jarallax-no wpr-parallax-no wpr-sticky-section-no wpr-column-slider-no wpr-equal-height-no e-con e-parent\" data-id=\"bc06753\" data-element_type=\"container\" data-e-type=\"container\" data-settings=\"{&quot;background_background&quot;:&quot;classic&quot;}\">\n\t\t\t\t\t<div class=\"e-con-inner\">\n\t\t\t\t<div class=\"elementor-element elementor-element-9cc70af elementor-widget elementor-widget-spacer\" data-id=\"9cc70af\" data-element_type=\"widget\" data-e-type=\"widget\" data-widget_type=\"spacer.default\">\n\t\t\t\t<div class=\"elementor-widget-container\">\n\t\t\t\t\t\t\t<div class=\"elementor-spacer\">\n\t\t\t<div class=\"elementor-spacer-inner\"><\/div>\n\t\t<\/div>\n\t\t\t\t\t\t<\/div>\n\t\t\t\t<\/div>\n\t\t\t\t\t<\/div>\n\t\t\t\t<\/div>\n\t\t<div class=\"elementor-element elementor-element-7b4aaa7 e-grid e-con-boxed wpr-particle-no wpr-jarallax-no wpr-parallax-no wpr-sticky-section-no wpr-column-slider-no wpr-equal-height-no e-con e-parent\" data-id=\"7b4aaa7\" data-element_type=\"container\" data-e-type=\"container\" data-settings=\"{&quot;background_background&quot;:&quot;classic&quot;}\">\n\t\t\t\t\t<div class=\"e-con-inner\">\n\t\t\t\t<div class=\"elementor-element elementor-element-889af16 elementor-widget elementor-widget-image\" data-id=\"889af16\" data-element_type=\"widget\" data-e-type=\"widget\" data-widget_type=\"image.default\">\n\t\t\t\t<div class=\"elementor-widget-container\">\n\t\t\t\t\t\t\t\t\t\t\t\t<figure class=\"wp-caption\">\n\t\t\t\t\t\t\t\t\t\t\t<a href=\"https:\/\/www.festivalcinemaenliberte.com\/wp-content\/uploads\/2025\/07\/Cite-des-arts-magazine-Cinema-en-liberte-14.pdf\" target=\"_blank\">\n\t\t\t\t\t\t\t<img fetchpriority=\"high\" decoding=\"async\" width=\"723\" height=\"1024\" src=\"https:\/\/www.festivalcinemaenliberte.com\/wp-content\/uploads\/2025\/10\/Capture-decran-2025-10-21-114807-1-723x1024.webp\" class=\"attachment-large size-large wp-image-10131\" alt=\"\" srcset=\"https:\/\/www.festivalcinemaenliberte.com\/wp-content\/uploads\/2025\/10\/Capture-decran-2025-10-21-114807-1-723x1024.webp 723w, https:\/\/www.festivalcinemaenliberte.com\/wp-content\/uploads\/2025\/10\/Capture-decran-2025-10-21-114807-1-212x300.webp 212w, https:\/\/www.festivalcinemaenliberte.com\/wp-content\/uploads\/2025\/10\/Capture-decran-2025-10-21-114807-1-106x150.webp 106w, https:\/\/www.festivalcinemaenliberte.com\/wp-content\/uploads\/2025\/10\/Capture-decran-2025-10-21-114807-1.webp 761w\" sizes=\"(max-width: 723px) 100vw, 723px\" \/>\t\t\t\t\t\t\t\t<\/a>\n\t\t\t\t\t\t\t\t\t\t\t<figcaption class=\"widget-image-caption wp-caption-text\">2025<\/figcaption>\n\t\t\t\t\t\t\t\t\t\t<\/figure>\n\t\t\t\t\t\t\t\t\t<\/div>\n\t\t\t\t<\/div>\n\t\t\t\t<div class=\"elementor-element elementor-element-8ed5ccd elementor-widget elementor-widget-image\" data-id=\"8ed5ccd\" data-element_type=\"widget\" data-e-type=\"widget\" data-widget_type=\"image.default\">\n\t\t\t\t<div class=\"elementor-widget-container\">\n\t\t\t\t\t\t\t\t\t\t\t\t<figure class=\"wp-caption\">\n\t\t\t\t\t\t\t\t\t\t\t<a href=\"https:\/\/www.festivalcinemaenliberte.com\/wp-content\/uploads\/2024\/07\/CDA-HS-cinema-JUIN-2024-web-4.pdf\" target=\"_blank\">\n\t\t\t\t\t\t\t<img decoding=\"async\" width=\"726\" height=\"1024\" src=\"https:\/\/www.festivalcinemaenliberte.com\/wp-content\/uploads\/2025\/10\/Capture-decran-2025-10-21-130712-1-726x1024.webp\" class=\"attachment-large size-large wp-image-10338\" alt=\"\" srcset=\"https:\/\/www.festivalcinemaenliberte.com\/wp-content\/uploads\/2025\/10\/Capture-decran-2025-10-21-130712-1-726x1024.webp 726w, https:\/\/www.festivalcinemaenliberte.com\/wp-content\/uploads\/2025\/10\/Capture-decran-2025-10-21-130712-1-213x300.webp 213w, https:\/\/www.festivalcinemaenliberte.com\/wp-content\/uploads\/2025\/10\/Capture-decran-2025-10-21-130712-1-106x150.webp 106w, https:\/\/www.festivalcinemaenliberte.com\/wp-content\/uploads\/2025\/10\/Capture-decran-2025-10-21-130712-1.webp 756w\" sizes=\"(max-width: 726px) 100vw, 726px\" \/>\t\t\t\t\t\t\t\t<\/a>\n\t\t\t\t\t\t\t\t\t\t\t<figcaption class=\"widget-image-caption wp-caption-text\">2024<\/figcaption>\n\t\t\t\t\t\t\t\t\t\t<\/figure>\n\t\t\t\t\t\t\t\t\t<\/div>\n\t\t\t\t<\/div>\n\t\t\t\t<div class=\"elementor-element elementor-element-f6eb655 elementor-widget elementor-widget-image\" data-id=\"f6eb655\" data-element_type=\"widget\" data-e-type=\"widget\" data-widget_type=\"image.default\">\n\t\t\t\t<div class=\"elementor-widget-container\">\n\t\t\t\t\t\t\t\t\t\t\t\t<figure class=\"wp-caption\">\n\t\t\t\t\t\t\t\t\t\t\t<a href=\"https:\/\/www.festivalcinemaenliberte.com\/wp-content\/uploads\/2023\/07\/CDA-62-HS-cinema-en-liberte-site.pdf\" target=\"_blank\">\n\t\t\t\t\t\t\t<img decoding=\"async\" width=\"722\" height=\"1024\" src=\"https:\/\/www.festivalcinemaenliberte.com\/wp-content\/uploads\/2025\/10\/Capture-decran-2025-10-21-140755-1-722x1024.webp\" class=\"attachment-large size-large wp-image-10339\" alt=\"\" srcset=\"https:\/\/www.festivalcinemaenliberte.com\/wp-content\/uploads\/2025\/10\/Capture-decran-2025-10-21-140755-1-722x1024.webp 722w, https:\/\/www.festivalcinemaenliberte.com\/wp-content\/uploads\/2025\/10\/Capture-decran-2025-10-21-140755-1-212x300.webp 212w, https:\/\/www.festivalcinemaenliberte.com\/wp-content\/uploads\/2025\/10\/Capture-decran-2025-10-21-140755-1-106x150.webp 106w, https:\/\/www.festivalcinemaenliberte.com\/wp-content\/uploads\/2025\/10\/Capture-decran-2025-10-21-140755-1.webp 759w\" sizes=\"(max-width: 722px) 100vw, 722px\" \/>\t\t\t\t\t\t\t\t<\/a>\n\t\t\t\t\t\t\t\t\t\t\t<figcaption class=\"widget-image-caption wp-caption-text\">2023<\/figcaption>\n\t\t\t\t\t\t\t\t\t\t<\/figure>\n\t\t\t\t\t\t\t\t\t<\/div>\n\t\t\t\t<\/div>\n\t\t\t\t<div class=\"elementor-element elementor-element-e79be1a elementor-widget elementor-widget-image\" data-id=\"e79be1a\" data-element_type=\"widget\" data-e-type=\"widget\" data-widget_type=\"image.default\">\n\t\t\t\t<div class=\"elementor-widget-container\">\n\t\t\t\t\t\t\t\t\t\t\t\t<figure class=\"wp-caption\">\n\t\t\t\t\t\t\t\t\t\t\t<a href=\"https:\/\/www.festivalcinemaenliberte.com\/wp-content\/uploads\/2024\/05\/citedesarts2022_.pdf\" target=\"_blank\">\n\t\t\t\t\t\t\t<img loading=\"lazy\" decoding=\"async\" width=\"731\" height=\"1024\" src=\"https:\/\/www.festivalcinemaenliberte.com\/wp-content\/uploads\/2025\/10\/Capture-decran-2025-10-21-155942-1-731x1024.webp\" class=\"attachment-large size-large wp-image-10340\" alt=\"\" srcset=\"https:\/\/www.festivalcinemaenliberte.com\/wp-content\/uploads\/2025\/10\/Capture-decran-2025-10-21-155942-1-731x1024.webp 731w, https:\/\/www.festivalcinemaenliberte.com\/wp-content\/uploads\/2025\/10\/Capture-decran-2025-10-21-155942-1-214x300.webp 214w, https:\/\/www.festivalcinemaenliberte.com\/wp-content\/uploads\/2025\/10\/Capture-decran-2025-10-21-155942-1-107x150.webp 107w, https:\/\/www.festivalcinemaenliberte.com\/wp-content\/uploads\/2025\/10\/Capture-decran-2025-10-21-155942-1.webp 764w\" sizes=\"(max-width: 731px) 100vw, 731px\" \/>\t\t\t\t\t\t\t\t<\/a>\n\t\t\t\t\t\t\t\t\t\t\t<figcaption class=\"widget-image-caption wp-caption-text\">2022<\/figcaption>\n\t\t\t\t\t\t\t\t\t\t<\/figure>\n\t\t\t\t\t\t\t\t\t<\/div>\n\t\t\t\t<\/div>\n\t\t\t\t<div class=\"elementor-element elementor-element-4f6f1d0 elementor-widget elementor-widget-image\" data-id=\"4f6f1d0\" data-element_type=\"widget\" data-e-type=\"widget\" data-widget_type=\"image.default\">\n\t\t\t\t<div class=\"elementor-widget-container\">\n\t\t\t\t\t\t\t\t\t\t\t\t<figure class=\"wp-caption\">\n\t\t\t\t\t\t\t\t\t\t\t<a href=\"https:\/\/www.festivalcinemaenliberte.com\/wp-content\/uploads\/2024\/05\/citedesarts2021.pdf\" target=\"_blank\">\n\t\t\t\t\t\t\t<img loading=\"lazy\" decoding=\"async\" width=\"723\" height=\"1024\" src=\"https:\/\/www.festivalcinemaenliberte.com\/wp-content\/uploads\/2025\/10\/Capture-decran-2025-10-21-185637-1-723x1024.webp\" class=\"attachment-large size-large wp-image-10341\" alt=\"\" srcset=\"https:\/\/www.festivalcinemaenliberte.com\/wp-content\/uploads\/2025\/10\/Capture-decran-2025-10-21-185637-1-723x1024.webp 723w, https:\/\/www.festivalcinemaenliberte.com\/wp-content\/uploads\/2025\/10\/Capture-decran-2025-10-21-185637-1-212x300.webp 212w, https:\/\/www.festivalcinemaenliberte.com\/wp-content\/uploads\/2025\/10\/Capture-decran-2025-10-21-185637-1-106x150.webp 106w, https:\/\/www.festivalcinemaenliberte.com\/wp-content\/uploads\/2025\/10\/Capture-decran-2025-10-21-185637-1.webp 755w\" sizes=\"(max-width: 723px) 100vw, 723px\" \/>\t\t\t\t\t\t\t\t<\/a>\n\t\t\t\t\t\t\t\t\t\t\t<figcaption class=\"widget-image-caption wp-caption-text\">2021<\/figcaption>\n\t\t\t\t\t\t\t\t\t\t<\/figure>\n\t\t\t\t\t\t\t\t\t<\/div>\n\t\t\t\t<\/div>\n\t\t\t\t\t<\/div>\n\t\t\t\t<\/div>\n\t\t\t\t<\/div>\n\t\t","protected":false},"excerpt":{"rendered":"<p>REVUE DE PRESSE D\u00e9couvrez tous les num\u00e9ros hors-s\u00e9rie du Journal de la Cit\u00e9 des Arts, publi\u00e9s chaque ann\u00e9e \u00e0 l\u2019occasion de notre festival. 2025 2024 2023 2022 2021<\/p>\n","protected":false},"author":1,"featured_media":0,"parent":0,"menu_order":0,"comment_status":"closed","ping_status":"closed","template":"elementor_header_footer","meta":{"footnotes":""},"class_list":["post-2147","page","type-page","status-publish","hentry"],"yoast_head":"<!-- This site is optimized with the Yoast SEO plugin v27.5 - https:\/\/yoast.com\/product\/yoast-seo-wordpress\/ -->\n<title>Presse - Festival Cin\u00e9ma en libert\u00e9<\/title>\n<meta name=\"description\" content=\"Festival Cin\u00e9ma en libert\u00e9\" \/>\n<meta name=\"robots\" content=\"index, follow, max-snippet:-1, max-image-preview:large, max-video-preview:-1\" \/>\n<link rel=\"canonical\" href=\"https:\/\/www.festivalcinemaenliberte.com\/index.php\/presse\/\" \/>\n<meta property=\"og:locale\" content=\"fr_FR\" \/>\n<meta property=\"og:type\" content=\"article\" \/>\n<meta property=\"og:title\" content=\"Presse - Festival Cin\u00e9ma en libert\u00e9\" \/>\n<meta property=\"og:description\" content=\"Festival Cin\u00e9ma en libert\u00e9\" \/>\n<meta property=\"og:url\" content=\"https:\/\/www.festivalcinemaenliberte.com\/index.php\/presse\/\" \/>\n<meta property=\"og:site_name\" content=\"Festival Cin\u00e9ma en libert\u00e9\" \/>\n<meta property=\"article:publisher\" content=\"https:\/\/www.facebook.com\/cinemaenliberte\" \/>\n<meta property=\"article:modified_time\" content=\"2026-02-14T16:30:59+00:00\" \/>\n<meta property=\"og:image\" content=\"https:\/\/www.festivalcinemaenliberte.com\/wp-content\/uploads\/2025\/10\/Capture-decran-2025-10-21-114807-1.webp\" \/>\n\t<meta property=\"og:image:width\" content=\"761\" \/>\n\t<meta property=\"og:image:height\" content=\"1078\" \/>\n\t<meta property=\"og:image:type\" content=\"image\/png\" \/>\n<meta name=\"twitter:card\" content=\"summary_large_image\" \/>\n<meta name=\"twitter:label1\" content=\"Dur\u00e9e de lecture estim\u00e9e\" \/>\n\t<meta name=\"twitter:data1\" content=\"2 minutes\" \/>\n<script type=\"application\/ld+json\" class=\"yoast-schema-graph\">{\"@context\":\"https:\\\/\\\/schema.org\",\"@graph\":[{\"@type\":\"WebPage\",\"@id\":\"https:\\\/\\\/www.festivalcinemaenliberte.com\\\/index.php\\\/presse\\\/\",\"url\":\"https:\\\/\\\/www.festivalcinemaenliberte.com\\\/index.php\\\/presse\\\/\",\"name\":\"Presse - Festival Cin\u00e9ma en libert\u00e9\",\"isPartOf\":{\"@id\":\"https:\\\/\\\/www.festivalcinemaenliberte.com\\\/#website\"},\"primaryImageOfPage\":{\"@id\":\"https:\\\/\\\/www.festivalcinemaenliberte.com\\\/index.php\\\/presse\\\/#primaryimage\"},\"image\":{\"@id\":\"https:\\\/\\\/www.festivalcinemaenliberte.com\\\/index.php\\\/presse\\\/#primaryimage\"},\"thumbnailUrl\":\"https:\\\/\\\/www.festivalcinemaenliberte.com\\\/wp-content\\\/uploads\\\/2025\\\/10\\\/Capture-decran-2025-10-21-114807-1-723x1024.webp\",\"datePublished\":\"2024-05-07T12:33:24+00:00\",\"dateModified\":\"2026-02-14T16:30:59+00:00\",\"description\":\"Festival Cin\u00e9ma en libert\u00e9\",\"breadcrumb\":{\"@id\":\"https:\\\/\\\/www.festivalcinemaenliberte.com\\\/index.php\\\/presse\\\/#breadcrumb\"},\"inLanguage\":\"fr-FR\",\"potentialAction\":[{\"@type\":\"ReadAction\",\"target\":[\"https:\\\/\\\/www.festivalcinemaenliberte.com\\\/index.php\\\/presse\\\/\"]}]},{\"@type\":\"ImageObject\",\"inLanguage\":\"fr-FR\",\"@id\":\"https:\\\/\\\/www.festivalcinemaenliberte.com\\\/index.php\\\/presse\\\/#primaryimage\",\"url\":\"https:\\\/\\\/www.festivalcinemaenliberte.com\\\/wp-content\\\/uploads\\\/2025\\\/10\\\/Capture-decran-2025-10-21-114807-1.webp\",\"contentUrl\":\"https:\\\/\\\/www.festivalcinemaenliberte.com\\\/wp-content\\\/uploads\\\/2025\\\/10\\\/Capture-decran-2025-10-21-114807-1.webp\",\"width\":761,\"height\":1078},{\"@type\":\"BreadcrumbList\",\"@id\":\"https:\\\/\\\/www.festivalcinemaenliberte.com\\\/index.php\\\/presse\\\/#breadcrumb\",\"itemListElement\":[{\"@type\":\"ListItem\",\"position\":1,\"name\":\"Accueil\",\"item\":\"https:\\\/\\\/www.festivalcinemaenliberte.com\\\/\"},{\"@type\":\"ListItem\",\"position\":2,\"name\":\"Presse\"}]},{\"@type\":\"WebSite\",\"@id\":\"https:\\\/\\\/www.festivalcinemaenliberte.com\\\/#website\",\"url\":\"https:\\\/\\\/www.festivalcinemaenliberte.com\\\/\",\"name\":\"Festival international Cin\u00e9ma en libert\u00e9\",\"description\":\"Festival international de courts m\u00e9trages\",\"publisher\":{\"@id\":\"https:\\\/\\\/www.festivalcinemaenliberte.com\\\/#organization\"},\"potentialAction\":[{\"@type\":\"SearchAction\",\"target\":{\"@type\":\"EntryPoint\",\"urlTemplate\":\"https:\\\/\\\/www.festivalcinemaenliberte.com\\\/?s={search_term_string}\"},\"query-input\":{\"@type\":\"PropertyValueSpecification\",\"valueRequired\":true,\"valueName\":\"search_term_string\"}}],\"inLanguage\":\"fr-FR\"},{\"@type\":\"Organization\",\"@id\":\"https:\\\/\\\/www.festivalcinemaenliberte.com\\\/#organization\",\"name\":\"Festival international de courts m\u00e9trages Cin\u00e9ma en libert\u00e9\",\"url\":\"https:\\\/\\\/www.festivalcinemaenliberte.com\\\/\",\"logo\":{\"@type\":\"ImageObject\",\"inLanguage\":\"fr-FR\",\"@id\":\"https:\\\/\\\/www.festivalcinemaenliberte.com\\\/#\\\/schema\\\/logo\\\/image\\\/\",\"url\":\"https:\\\/\\\/www.festivalcinemaenliberte.com\\\/wp-content\\\/uploads\\\/2024\\\/05\\\/logonew3-png.webp\",\"contentUrl\":\"https:\\\/\\\/www.festivalcinemaenliberte.com\\\/wp-content\\\/uploads\\\/2024\\\/05\\\/logonew3-png.webp\",\"width\":816,\"height\":1056,\"caption\":\"Festival international de courts m\u00e9trages Cin\u00e9ma en libert\u00e9\"},\"image\":{\"@id\":\"https:\\\/\\\/www.festivalcinemaenliberte.com\\\/#\\\/schema\\\/logo\\\/image\\\/\"},\"sameAs\":[\"https:\\\/\\\/www.facebook.com\\\/cinemaenliberte\"]}]}<\/script>\n<!-- \/ Yoast SEO plugin. -->","yoast_head_json":{"title":"Presse - Festival Cin\u00e9ma en libert\u00e9","description":"Festival Cin\u00e9ma en libert\u00e9","robots":{"index":"index","follow":"follow","max-snippet":"max-snippet:-1","max-image-preview":"max-image-preview:large","max-video-preview":"max-video-preview:-1"},"canonical":"https:\/\/www.festivalcinemaenliberte.com\/index.php\/presse\/","og_locale":"fr_FR","og_type":"article","og_title":"Presse - Festival Cin\u00e9ma en libert\u00e9","og_description":"Festival Cin\u00e9ma en libert\u00e9","og_url":"https:\/\/www.festivalcinemaenliberte.com\/index.php\/presse\/","og_site_name":"Festival Cin\u00e9ma en libert\u00e9","article_publisher":"https:\/\/www.facebook.com\/cinemaenliberte","article_modified_time":"2026-02-14T16:30:59+00:00","og_image":[{"width":761,"height":1078,"url":"https:\/\/www.festivalcinemaenliberte.com\/wp-content\/uploads\/2025\/10\/Capture-decran-2025-10-21-114807-1.webp","type":"image\/png"}],"twitter_card":"summary_large_image","twitter_misc":{"Dur\u00e9e de lecture estim\u00e9e":"2 minutes"},"schema":{"@context":"https:\/\/schema.org","@graph":[{"@type":"WebPage","@id":"https:\/\/www.festivalcinemaenliberte.com\/index.php\/presse\/","url":"https:\/\/www.festivalcinemaenliberte.com\/index.php\/presse\/","name":"Presse - Festival Cin\u00e9ma en libert\u00e9","isPartOf":{"@id":"https:\/\/www.festivalcinemaenliberte.com\/#website"},"primaryImageOfPage":{"@id":"https:\/\/www.festivalcinemaenliberte.com\/index.php\/presse\/#primaryimage"},"image":{"@id":"https:\/\/www.festivalcinemaenliberte.com\/index.php\/presse\/#primaryimage"},"thumbnailUrl":"https:\/\/www.festivalcinemaenliberte.com\/wp-content\/uploads\/2025\/10\/Capture-decran-2025-10-21-114807-1-723x1024.webp","datePublished":"2024-05-07T12:33:24+00:00","dateModified":"2026-02-14T16:30:59+00:00","description":"Festival Cin\u00e9ma en libert\u00e9","breadcrumb":{"@id":"https:\/\/www.festivalcinemaenliberte.com\/index.php\/presse\/#breadcrumb"},"inLanguage":"fr-FR","potentialAction":[{"@type":"ReadAction","target":["https:\/\/www.festivalcinemaenliberte.com\/index.php\/presse\/"]}]},{"@type":"ImageObject","inLanguage":"fr-FR","@id":"https:\/\/www.festivalcinemaenliberte.com\/index.php\/presse\/#primaryimage","url":"https:\/\/www.festivalcinemaenliberte.com\/wp-content\/uploads\/2025\/10\/Capture-decran-2025-10-21-114807-1.webp","contentUrl":"https:\/\/www.festivalcinemaenliberte.com\/wp-content\/uploads\/2025\/10\/Capture-decran-2025-10-21-114807-1.webp","width":761,"height":1078},{"@type":"BreadcrumbList","@id":"https:\/\/www.festivalcinemaenliberte.com\/index.php\/presse\/#breadcrumb","itemListElement":[{"@type":"ListItem","position":1,"name":"Accueil","item":"https:\/\/www.festivalcinemaenliberte.com\/"},{"@type":"ListItem","position":2,"name":"Presse"}]},{"@type":"WebSite","@id":"https:\/\/www.festivalcinemaenliberte.com\/#website","url":"https:\/\/www.festivalcinemaenliberte.com\/","name":"Festival international Cin\u00e9ma en libert\u00e9","description":"Festival international de courts m\u00e9trages","publisher":{"@id":"https:\/\/www.festivalcinemaenliberte.com\/#organization"},"potentialAction":[{"@type":"SearchAction","target":{"@type":"EntryPoint","urlTemplate":"https:\/\/www.festivalcinemaenliberte.com\/?s={search_term_string}"},"query-input":{"@type":"PropertyValueSpecification","valueRequired":true,"valueName":"search_term_string"}}],"inLanguage":"fr-FR"},{"@type":"Organization","@id":"https:\/\/www.festivalcinemaenliberte.com\/#organization","name":"Festival international de courts m\u00e9trages Cin\u00e9ma en libert\u00e9","url":"https:\/\/www.festivalcinemaenliberte.com\/","logo":{"@type":"ImageObject","inLanguage":"fr-FR","@id":"https:\/\/www.festivalcinemaenliberte.com\/#\/schema\/logo\/image\/","url":"https:\/\/www.festivalcinemaenliberte.com\/wp-content\/uploads\/2024\/05\/logonew3-png.webp","contentUrl":"https:\/\/www.festivalcinemaenliberte.com\/wp-content\/uploads\/2024\/05\/logonew3-png.webp","width":816,"height":1056,"caption":"Festival international de courts m\u00e9trages Cin\u00e9ma en libert\u00e9"},"image":{"@id":"https:\/\/www.festivalcinemaenliberte.com\/#\/schema\/logo\/image\/"},"sameAs":["https:\/\/www.facebook.com\/cinemaenliberte"]}]}},"_links":{"self":[{"href":"https:\/\/www.festivalcinemaenliberte.com\/index.php\/wp-json\/wp\/v2\/pages\/2147","targetHints":{"allow":["GET"]}}],"collection":[{"href":"https:\/\/www.festivalcinemaenliberte.com\/index.php\/wp-json\/wp\/v2\/pages"}],"about":[{"href":"https:\/\/www.festivalcinemaenliberte.com\/index.php\/wp-json\/wp\/v2\/types\/page"}],"author":[{"embeddable":true,"href":"https:\/\/www.festivalcinemaenliberte.com\/index.php\/wp-json\/wp\/v2\/users\/1"}],"replies":[{"embeddable":true,"href":"https:\/\/www.festivalcinemaenliberte.com\/index.php\/wp-json\/wp\/v2\/comments?post=2147"}],"version-history":[{"count":0,"href":"https:\/\/www.festivalcinemaenliberte.com\/index.php\/wp-json\/wp\/v2\/pages\/2147\/revisions"}],"wp:attachment":[{"href":"https:\/\/www.festivalcinemaenliberte.com\/index.php\/wp-json\/wp\/v2\/media?parent=2147"}],"curies":[{"name":"wp","href":"https:\/\/api.w.org\/{rel}","templated":true}]}}