{"id":582,"date":"2021-07-20T11:22:13","date_gmt":"2021-07-20T09:22:13","guid":{"rendered":"http:\/\/hiregxw.cluster026.hosting.ovh.net\/?page_id=582"},"modified":"2025-10-23T00:40:47","modified_gmt":"2025-10-22T22:40:47","slug":"le-jury","status":"publish","type":"page","link":"https:\/\/www.festivalcinemaenliberte.com\/index.php\/le-jury\/","title":{"rendered":"Le Jury 2021"},"content":{"rendered":"\t\t<div data-elementor-type=\"wp-page\" data-elementor-id=\"582\" class=\"elementor elementor-582\">\n\t\t\t\t<div class=\"elementor-element elementor-element-b4c3905 e-flex e-con-boxed wpr-particle-no wpr-jarallax-no wpr-parallax-no wpr-sticky-section-no wpr-column-slider-no wpr-equal-height-no e-con e-parent\" data-id=\"b4c3905\" data-element_type=\"container\" data-e-type=\"container\">\n\t\t\t\t\t<div class=\"e-con-inner\">\n\t\t\t\t<div class=\"elementor-element elementor-element-e82d8f3 elementor-widget elementor-widget-spacer\" data-id=\"e82d8f3\" data-element_type=\"widget\" data-e-type=\"widget\" data-widget_type=\"spacer.default\">\n\t\t\t\t<div class=\"elementor-widget-container\">\n\t\t\t\t\t\t\t<div class=\"elementor-spacer\">\n\t\t\t<div class=\"elementor-spacer-inner\"><\/div>\n\t\t<\/div>\n\t\t\t\t\t\t<\/div>\n\t\t\t\t<\/div>\n\t\t\t\t\t<\/div>\n\t\t\t\t<\/div>\n\t\t<div class=\"elementor-element elementor-element-310d6a11 e-flex e-con-boxed wpr-particle-no wpr-jarallax-no wpr-parallax-no wpr-sticky-section-no wpr-column-slider-no wpr-equal-height-no e-con e-parent\" data-id=\"310d6a11\" data-element_type=\"container\" data-e-type=\"container\">\n\t\t\t\t\t<div class=\"e-con-inner\">\n\t\t\t\t<div class=\"elementor-element elementor-element-4c461694 elementor-widget elementor-widget-text-editor\" data-id=\"4c461694\" data-element_type=\"widget\" data-e-type=\"widget\" data-widget_type=\"text-editor.default\">\n\t\t\t\t<div class=\"elementor-widget-container\">\n\t\t\t\t\t\t\t\t\t<p><strong>PR\u00c9SENTATION DU JURY DU FESTIVAL:<\/strong><\/p><p><img fetchpriority=\"high\" decoding=\"async\" class=\"alignleft wp-image-583 size-full\" src=\"https:\/\/www.festivalcinemaenliberte.com\/wp-content\/uploads\/2021\/07\/paola.webp\" alt=\"\" width=\"365\" height=\"218\" srcset=\"https:\/\/www.festivalcinemaenliberte.com\/wp-content\/uploads\/2021\/07\/paola.webp 365w, https:\/\/www.festivalcinemaenliberte.com\/wp-content\/uploads\/2021\/07\/paola-150x90.webp 150w, https:\/\/www.festivalcinemaenliberte.com\/wp-content\/uploads\/2021\/07\/paola-300x179.jpg 300w, https:\/\/www.festivalcinemaenliberte.com\/wp-content\/uploads\/2021\/07\/paola-24x14.jpg 24w, https:\/\/www.festivalcinemaenliberte.com\/wp-content\/uploads\/2021\/07\/paola-36x22.jpg 36w, https:\/\/www.festivalcinemaenliberte.com\/wp-content\/uploads\/2021\/07\/paola-48x29.jpg 48w\" sizes=\"(max-width: 365px) 100vw, 365px\" \/>PAOLA TALEVI :<\/p><p>Interpr\u00e8te de formation, elle a travaill\u00e9 pendant 30 ans dans la fonction publique et le parlement italien comme interpr\u00e8te et organisatrice de r\u00e9unions. Passionn\u00e9e de cin\u00e9ma depuis toujours, elle a suivi des cours d\u2019histoire du cin\u00e9ma et de analyse filmique en France (Universit\u00e9 d\u2019\u00e9t\u00e9, Sorbonne Paris IV) et en Italie. Depuis 2015 elle collabore avec MoliseCinema Film Festival : responsable des relations internationales ; gestion des jurys ; curatrice de Focus pays (Croatie, Albanie, Mont\u00e9n\u00e9gro). Elle a \u00e9t\u00e9 membre du jury au 50 ore Contest Cinematografico de Termoli, R\u00e9gion du Molise. Depuis Janvier 2021, elle est responsable de la r\u00e9gion nord de l\u2019initiative de coop\u00e9ration m\u00e9diterran\u00e9enne, CoopMed.<\/p><hr style=\"height: 2px; color: #ffffff; background-color: #ffffff; width: 80%; border: none;\" \/><p><img decoding=\"async\" class=\"alignleft wp-image-585 size-full\" src=\"https:\/\/www.festivalcinemaenliberte.com\/wp-content\/uploads\/2021\/07\/alix.webp\" alt=\"\" width=\"362\" height=\"217\" srcset=\"https:\/\/www.festivalcinemaenliberte.com\/wp-content\/uploads\/2021\/07\/alix.webp 362w, https:\/\/www.festivalcinemaenliberte.com\/wp-content\/uploads\/2021\/07\/alix-150x90.webp 150w, https:\/\/www.festivalcinemaenliberte.com\/wp-content\/uploads\/2021\/07\/alix-300x180.jpg 300w, https:\/\/www.festivalcinemaenliberte.com\/wp-content\/uploads\/2021\/07\/alix-24x14.jpg 24w, https:\/\/www.festivalcinemaenliberte.com\/wp-content\/uploads\/2021\/07\/alix-36x22.jpg 36w, https:\/\/www.festivalcinemaenliberte.com\/wp-content\/uploads\/2021\/07\/alix-48x29.jpg 48w\" sizes=\"(max-width: 362px) 100vw, 362px\" \/><\/p><p>ALIX FERRARIS:<\/p><p>Alix Ferraris dirige les Nuits M\u00e9diterran\u00e9ennes. Son travail, l\u2019art de toute une vie : cr\u00e9er<br \/>du lien au-del\u00e0 de l\u2019horizon. Amoureux du cin\u00e9ma, le court m\u00e9trage est pour lui une belle occasion de rassembler les<br \/>cultures<\/p><hr style=\"height: 2px; color: #ffffff; background-color: #ffffff; width: 80%; border: none;\" \/><p><img decoding=\"async\" class=\"alignleft wp-image-586 size-full\" src=\"https:\/\/www.festivalcinemaenliberte.com\/wp-content\/uploads\/2021\/07\/eva.webp\" alt=\"\" width=\"370\" height=\"218\" srcset=\"https:\/\/www.festivalcinemaenliberte.com\/wp-content\/uploads\/2021\/07\/eva.webp 370w, https:\/\/www.festivalcinemaenliberte.com\/wp-content\/uploads\/2021\/07\/eva-150x88.webp 150w, https:\/\/www.festivalcinemaenliberte.com\/wp-content\/uploads\/2021\/07\/eva-300x177.jpg 300w, https:\/\/www.festivalcinemaenliberte.com\/wp-content\/uploads\/2021\/07\/eva-24x14.jpg 24w, https:\/\/www.festivalcinemaenliberte.com\/wp-content\/uploads\/2021\/07\/eva-36x21.jpg 36w, https:\/\/www.festivalcinemaenliberte.com\/wp-content\/uploads\/2021\/07\/eva-48x28.jpg 48w\" sizes=\"(max-width: 370px) 100vw, 370px\" \/>EVA BRUCATO:<\/p><p>Passionn\u00e9e de cin\u00e9ma depuis toujours, Eva lui a consacr\u00e9 l\u2019ensemble de sa carri\u00e8re professionnelle. Elle a repris les r\u00eanes du Cin\u00e9ma Le Royal l\u2019ann\u00e9e derni\u00e8re, et avec lui, s\u2019inscrit toujours plus dans une mission de d\u00e9veloppement de la culture sur notre territoire.<\/p><hr style=\"height: 2px; color: #ffffff; background-color: #ffffff; width: 80%; border: none;\" \/><p><img loading=\"lazy\" decoding=\"async\" class=\"alignleft wp-image-587 size-full\" src=\"https:\/\/www.festivalcinemaenliberte.com\/wp-content\/uploads\/2021\/07\/miche.webp\" alt=\"\" width=\"367\" height=\"216\" srcset=\"https:\/\/www.festivalcinemaenliberte.com\/wp-content\/uploads\/2021\/07\/miche.webp 367w, https:\/\/www.festivalcinemaenliberte.com\/wp-content\/uploads\/2021\/07\/miche-150x88.webp 150w, https:\/\/www.festivalcinemaenliberte.com\/wp-content\/uploads\/2021\/07\/miche-300x177.jpg 300w, https:\/\/www.festivalcinemaenliberte.com\/wp-content\/uploads\/2021\/07\/miche-24x14.jpg 24w, https:\/\/www.festivalcinemaenliberte.com\/wp-content\/uploads\/2021\/07\/miche-36x21.jpg 36w, https:\/\/www.festivalcinemaenliberte.com\/wp-content\/uploads\/2021\/07\/miche-48x28.jpg 48w\" sizes=\"(max-width: 367px) 100vw, 367px\" \/>MICHAEL BUSSE<\/p><p>Parrain du festival<\/p>\t\t\t\t\t\t\t\t<\/div>\n\t\t\t\t<\/div>\n\t\t\t\t\t<\/div>\n\t\t\t\t<\/div>\n\t\t\t\t<\/div>\n\t\t","protected":false},"excerpt":{"rendered":"<p>PR\u00c9SENTATION DU JURY DU FESTIVAL: PAOLA TALEVI : Interpr\u00e8te de formation, elle a travaill\u00e9 pendant 30 ans dans la fonction publique et le parlement italien comme interpr\u00e8te et organisatrice de &hellip;<\/p>\n","protected":false},"author":1,"featured_media":0,"parent":0,"menu_order":0,"comment_status":"closed","ping_status":"closed","template":"","meta":{"footnotes":""},"class_list":["post-582","page","type-page","status-publish","hentry"],"yoast_head":"<!-- This site is optimized with the Yoast SEO plugin v27.5 - https:\/\/yoast.com\/product\/yoast-seo-wordpress\/ -->\n<title>Le Jury 2021 - Festival Cin\u00e9ma en libert\u00e9<\/title>\n<meta name=\"description\" content=\"Festival Cin\u00e9ma en libert\u00e9\" \/>\n<meta name=\"robots\" content=\"index, follow, max-snippet:-1, max-image-preview:large, max-video-preview:-1\" \/>\n<link rel=\"canonical\" href=\"https:\/\/www.festivalcinemaenliberte.com\/index.php\/le-jury\/\" \/>\n<meta property=\"og:locale\" content=\"fr_FR\" \/>\n<meta property=\"og:type\" content=\"article\" \/>\n<meta property=\"og:title\" content=\"Le Jury 2021 - Festival Cin\u00e9ma en libert\u00e9\" \/>\n<meta property=\"og:description\" content=\"Festival Cin\u00e9ma en libert\u00e9\" \/>\n<meta property=\"og:url\" content=\"https:\/\/www.festivalcinemaenliberte.com\/index.php\/le-jury\/\" \/>\n<meta property=\"og:site_name\" content=\"Festival Cin\u00e9ma en libert\u00e9\" \/>\n<meta property=\"article:publisher\" content=\"https:\/\/www.facebook.com\/cinemaenliberte\" \/>\n<meta property=\"article:modified_time\" content=\"2025-10-22T22:40:47+00:00\" \/>\n<meta property=\"og:image\" content=\"https:\/\/www.festivalcinemaenliberte.com\/wp-content\/uploads\/2021\/07\/paola.webp\" \/>\n<meta name=\"twitter:card\" content=\"summary_large_image\" \/>\n<meta name=\"twitter:label1\" content=\"Dur\u00e9e de lecture estim\u00e9e\" \/>\n\t<meta name=\"twitter:data1\" content=\"2 minutes\" \/>\n<script type=\"application\/ld+json\" class=\"yoast-schema-graph\">{\"@context\":\"https:\\\/\\\/schema.org\",\"@graph\":[{\"@type\":\"WebPage\",\"@id\":\"https:\\\/\\\/www.festivalcinemaenliberte.com\\\/index.php\\\/le-jury\\\/\",\"url\":\"https:\\\/\\\/www.festivalcinemaenliberte.com\\\/index.php\\\/le-jury\\\/\",\"name\":\"Le Jury 2021 - Festival Cin\u00e9ma en libert\u00e9\",\"isPartOf\":{\"@id\":\"https:\\\/\\\/www.festivalcinemaenliberte.com\\\/#website\"},\"primaryImageOfPage\":{\"@id\":\"https:\\\/\\\/www.festivalcinemaenliberte.com\\\/index.php\\\/le-jury\\\/#primaryimage\"},\"image\":{\"@id\":\"https:\\\/\\\/www.festivalcinemaenliberte.com\\\/index.php\\\/le-jury\\\/#primaryimage\"},\"thumbnailUrl\":\"https:\\\/\\\/www.festivalcinemaenliberte.com\\\/wp-content\\\/uploads\\\/2021\\\/07\\\/paola.webp\",\"datePublished\":\"2021-07-20T09:22:13+00:00\",\"dateModified\":\"2025-10-22T22:40:47+00:00\",\"description\":\"Festival Cin\u00e9ma en libert\u00e9\",\"breadcrumb\":{\"@id\":\"https:\\\/\\\/www.festivalcinemaenliberte.com\\\/index.php\\\/le-jury\\\/#breadcrumb\"},\"inLanguage\":\"fr-FR\",\"potentialAction\":[{\"@type\":\"ReadAction\",\"target\":[\"https:\\\/\\\/www.festivalcinemaenliberte.com\\\/index.php\\\/le-jury\\\/\"]}]},{\"@type\":\"ImageObject\",\"inLanguage\":\"fr-FR\",\"@id\":\"https:\\\/\\\/www.festivalcinemaenliberte.com\\\/index.php\\\/le-jury\\\/#primaryimage\",\"url\":\"https:\\\/\\\/www.festivalcinemaenliberte.com\\\/wp-content\\\/uploads\\\/2021\\\/07\\\/paola.webp\",\"contentUrl\":\"https:\\\/\\\/www.festivalcinemaenliberte.com\\\/wp-content\\\/uploads\\\/2021\\\/07\\\/paola.webp\",\"width\":365,\"height\":218},{\"@type\":\"BreadcrumbList\",\"@id\":\"https:\\\/\\\/www.festivalcinemaenliberte.com\\\/index.php\\\/le-jury\\\/#breadcrumb\",\"itemListElement\":[{\"@type\":\"ListItem\",\"position\":1,\"name\":\"Accueil\",\"item\":\"https:\\\/\\\/www.festivalcinemaenliberte.com\\\/\"},{\"@type\":\"ListItem\",\"position\":2,\"name\":\"Le Jury 2021\"}]},{\"@type\":\"WebSite\",\"@id\":\"https:\\\/\\\/www.festivalcinemaenliberte.com\\\/#website\",\"url\":\"https:\\\/\\\/www.festivalcinemaenliberte.com\\\/\",\"name\":\"Festival international Cin\u00e9ma en libert\u00e9\",\"description\":\"Festival international de courts m\u00e9trages\",\"publisher\":{\"@id\":\"https:\\\/\\\/www.festivalcinemaenliberte.com\\\/#organization\"},\"potentialAction\":[{\"@type\":\"SearchAction\",\"target\":{\"@type\":\"EntryPoint\",\"urlTemplate\":\"https:\\\/\\\/www.festivalcinemaenliberte.com\\\/?s={search_term_string}\"},\"query-input\":{\"@type\":\"PropertyValueSpecification\",\"valueRequired\":true,\"valueName\":\"search_term_string\"}}],\"inLanguage\":\"fr-FR\"},{\"@type\":\"Organization\",\"@id\":\"https:\\\/\\\/www.festivalcinemaenliberte.com\\\/#organization\",\"name\":\"Festival international de courts m\u00e9trages Cin\u00e9ma en libert\u00e9\",\"url\":\"https:\\\/\\\/www.festivalcinemaenliberte.com\\\/\",\"logo\":{\"@type\":\"ImageObject\",\"inLanguage\":\"fr-FR\",\"@id\":\"https:\\\/\\\/www.festivalcinemaenliberte.com\\\/#\\\/schema\\\/logo\\\/image\\\/\",\"url\":\"https:\\\/\\\/www.festivalcinemaenliberte.com\\\/wp-content\\\/uploads\\\/2024\\\/05\\\/logonew3-png.webp\",\"contentUrl\":\"https:\\\/\\\/www.festivalcinemaenliberte.com\\\/wp-content\\\/uploads\\\/2024\\\/05\\\/logonew3-png.webp\",\"width\":816,\"height\":1056,\"caption\":\"Festival international de courts m\u00e9trages Cin\u00e9ma en libert\u00e9\"},\"image\":{\"@id\":\"https:\\\/\\\/www.festivalcinemaenliberte.com\\\/#\\\/schema\\\/logo\\\/image\\\/\"},\"sameAs\":[\"https:\\\/\\\/www.facebook.com\\\/cinemaenliberte\"]}]}<\/script>\n<!-- \/ Yoast SEO plugin. -->","yoast_head_json":{"title":"Le Jury 2021 - Festival Cin\u00e9ma en libert\u00e9","description":"Festival Cin\u00e9ma en libert\u00e9","robots":{"index":"index","follow":"follow","max-snippet":"max-snippet:-1","max-image-preview":"max-image-preview:large","max-video-preview":"max-video-preview:-1"},"canonical":"https:\/\/www.festivalcinemaenliberte.com\/index.php\/le-jury\/","og_locale":"fr_FR","og_type":"article","og_title":"Le Jury 2021 - Festival Cin\u00e9ma en libert\u00e9","og_description":"Festival Cin\u00e9ma en libert\u00e9","og_url":"https:\/\/www.festivalcinemaenliberte.com\/index.php\/le-jury\/","og_site_name":"Festival Cin\u00e9ma en libert\u00e9","article_publisher":"https:\/\/www.facebook.com\/cinemaenliberte","article_modified_time":"2025-10-22T22:40:47+00:00","og_image":[{"url":"https:\/\/www.festivalcinemaenliberte.com\/wp-content\/uploads\/2021\/07\/paola.webp","type":"","width":"","height":""}],"twitter_card":"summary_large_image","twitter_misc":{"Dur\u00e9e de lecture estim\u00e9e":"2 minutes"},"schema":{"@context":"https:\/\/schema.org","@graph":[{"@type":"WebPage","@id":"https:\/\/www.festivalcinemaenliberte.com\/index.php\/le-jury\/","url":"https:\/\/www.festivalcinemaenliberte.com\/index.php\/le-jury\/","name":"Le Jury 2021 - Festival Cin\u00e9ma en libert\u00e9","isPartOf":{"@id":"https:\/\/www.festivalcinemaenliberte.com\/#website"},"primaryImageOfPage":{"@id":"https:\/\/www.festivalcinemaenliberte.com\/index.php\/le-jury\/#primaryimage"},"image":{"@id":"https:\/\/www.festivalcinemaenliberte.com\/index.php\/le-jury\/#primaryimage"},"thumbnailUrl":"https:\/\/www.festivalcinemaenliberte.com\/wp-content\/uploads\/2021\/07\/paola.webp","datePublished":"2021-07-20T09:22:13+00:00","dateModified":"2025-10-22T22:40:47+00:00","description":"Festival Cin\u00e9ma en libert\u00e9","breadcrumb":{"@id":"https:\/\/www.festivalcinemaenliberte.com\/index.php\/le-jury\/#breadcrumb"},"inLanguage":"fr-FR","potentialAction":[{"@type":"ReadAction","target":["https:\/\/www.festivalcinemaenliberte.com\/index.php\/le-jury\/"]}]},{"@type":"ImageObject","inLanguage":"fr-FR","@id":"https:\/\/www.festivalcinemaenliberte.com\/index.php\/le-jury\/#primaryimage","url":"https:\/\/www.festivalcinemaenliberte.com\/wp-content\/uploads\/2021\/07\/paola.webp","contentUrl":"https:\/\/www.festivalcinemaenliberte.com\/wp-content\/uploads\/2021\/07\/paola.webp","width":365,"height":218},{"@type":"BreadcrumbList","@id":"https:\/\/www.festivalcinemaenliberte.com\/index.php\/le-jury\/#breadcrumb","itemListElement":[{"@type":"ListItem","position":1,"name":"Accueil","item":"https:\/\/www.festivalcinemaenliberte.com\/"},{"@type":"ListItem","position":2,"name":"Le Jury 2021"}]},{"@type":"WebSite","@id":"https:\/\/www.festivalcinemaenliberte.com\/#website","url":"https:\/\/www.festivalcinemaenliberte.com\/","name":"Festival international Cin\u00e9ma en libert\u00e9","description":"Festival international de courts m\u00e9trages","publisher":{"@id":"https:\/\/www.festivalcinemaenliberte.com\/#organization"},"potentialAction":[{"@type":"SearchAction","target":{"@type":"EntryPoint","urlTemplate":"https:\/\/www.festivalcinemaenliberte.com\/?s={search_term_string}"},"query-input":{"@type":"PropertyValueSpecification","valueRequired":true,"valueName":"search_term_string"}}],"inLanguage":"fr-FR"},{"@type":"Organization","@id":"https:\/\/www.festivalcinemaenliberte.com\/#organization","name":"Festival international de courts m\u00e9trages Cin\u00e9ma en libert\u00e9","url":"https:\/\/www.festivalcinemaenliberte.com\/","logo":{"@type":"ImageObject","inLanguage":"fr-FR","@id":"https:\/\/www.festivalcinemaenliberte.com\/#\/schema\/logo\/image\/","url":"https:\/\/www.festivalcinemaenliberte.com\/wp-content\/uploads\/2024\/05\/logonew3-png.webp","contentUrl":"https:\/\/www.festivalcinemaenliberte.com\/wp-content\/uploads\/2024\/05\/logonew3-png.webp","width":816,"height":1056,"caption":"Festival international de courts m\u00e9trages Cin\u00e9ma en libert\u00e9"},"image":{"@id":"https:\/\/www.festivalcinemaenliberte.com\/#\/schema\/logo\/image\/"},"sameAs":["https:\/\/www.facebook.com\/cinemaenliberte"]}]}},"_links":{"self":[{"href":"https:\/\/www.festivalcinemaenliberte.com\/index.php\/wp-json\/wp\/v2\/pages\/582","targetHints":{"allow":["GET"]}}],"collection":[{"href":"https:\/\/www.festivalcinemaenliberte.com\/index.php\/wp-json\/wp\/v2\/pages"}],"about":[{"href":"https:\/\/www.festivalcinemaenliberte.com\/index.php\/wp-json\/wp\/v2\/types\/page"}],"author":[{"embeddable":true,"href":"https:\/\/www.festivalcinemaenliberte.com\/index.php\/wp-json\/wp\/v2\/users\/1"}],"replies":[{"embeddable":true,"href":"https:\/\/www.festivalcinemaenliberte.com\/index.php\/wp-json\/wp\/v2\/comments?post=582"}],"version-history":[{"count":0,"href":"https:\/\/www.festivalcinemaenliberte.com\/index.php\/wp-json\/wp\/v2\/pages\/582\/revisions"}],"wp:attachment":[{"href":"https:\/\/www.festivalcinemaenliberte.com\/index.php\/wp-json\/wp\/v2\/media?parent=582"}],"curies":[{"name":"wp","href":"https:\/\/api.w.org\/{rel}","templated":true}]}}