{"id":667,"date":"2021-09-15T17:17:00","date_gmt":"2021-09-15T15:17:00","guid":{"rendered":"http:\/\/www.festivalcinemaenliberte.com\/?page_id=667"},"modified":"2025-07-06T12:14:44","modified_gmt":"2025-07-06T10:14:44","slug":"dossier-de-presse","status":"publish","type":"page","link":"https:\/\/www.festivalcinemaenliberte.com\/index.php\/dossier-de-presse\/","title":{"rendered":"Dossier de presse"},"content":{"rendered":"\t\t<div data-elementor-type=\"wp-page\" data-elementor-id=\"667\" class=\"elementor elementor-667\">\n\t\t\t\t<div class=\"elementor-element elementor-element-389a2f4 e-flex e-con-boxed wpr-particle-no wpr-jarallax-no wpr-parallax-no wpr-sticky-section-no wpr-column-slider-no wpr-equal-height-no e-con e-parent\" data-id=\"389a2f4\" data-element_type=\"container\" data-e-type=\"container\">\n\t\t\t\t\t<div class=\"e-con-inner\">\n\t\t\t\t<div class=\"elementor-element elementor-element-8f4d941 elementor-widget elementor-widget-spacer\" data-id=\"8f4d941\" data-element_type=\"widget\" data-e-type=\"widget\" data-widget_type=\"spacer.default\">\n\t\t\t\t<div class=\"elementor-widget-container\">\n\t\t\t\t\t\t\t<div class=\"elementor-spacer\">\n\t\t\t<div class=\"elementor-spacer-inner\"><\/div>\n\t\t<\/div>\n\t\t\t\t\t\t<\/div>\n\t\t\t\t<\/div>\n\t\t\t\t\t<\/div>\n\t\t\t\t<\/div>\n\t\t<div class=\"elementor-element elementor-element-9466a6e e-flex e-con-boxed wpr-particle-no wpr-jarallax-no wpr-parallax-no wpr-sticky-section-no wpr-column-slider-no wpr-equal-height-no e-con e-parent\" data-id=\"9466a6e\" data-element_type=\"container\" data-e-type=\"container\">\n\t\t\t\t\t<div class=\"e-con-inner\">\n\t\t\t\t<div class=\"elementor-element elementor-element-568f495 elementor-widget elementor-widget-pdfjs-viewer\" data-id=\"568f495\" data-element_type=\"widget\" data-e-type=\"widget\" data-widget_type=\"pdfjs-viewer.default\">\n\t\t\t\t<div class=\"elementor-widget-container\">\n\t\t\t\t\t<iframe width=\"1160\" height=\"835\" src=\"https:\/\/www.festivalcinemaenliberte.com\/wp-content\/plugins\/pdfjs-viewer-for-elementor\/\/assets\/js\/pdfjs\/web\/viewer.html?file=https:\/\/www.festivalcinemaenliberte.com\/wp-content\/uploads\/2025\/07\/Dossier-de-presse-2025.pdf\"><\/iframe>\t\t\t\t<\/div>\n\t\t\t\t<\/div>\n\t\t\t\t\t<\/div>\n\t\t\t\t<\/div>\n\t\t<div class=\"elementor-element elementor-element-23f2361 e-flex e-con-boxed wpr-particle-no wpr-jarallax-no wpr-parallax-no wpr-sticky-section-no wpr-column-slider-no wpr-equal-height-no e-con e-parent\" data-id=\"23f2361\" data-element_type=\"container\" data-e-type=\"container\">\n\t\t\t\t\t<div class=\"e-con-inner\">\n\t\t\t\t<div class=\"elementor-element elementor-element-c46fba1 elementor-widget elementor-widget-text-editor\" data-id=\"c46fba1\" data-element_type=\"widget\" data-e-type=\"widget\" data-widget_type=\"text-editor.default\">\n\t\t\t\t<div class=\"elementor-widget-container\">\n\t\t\t\t\t\t\t\t\t<p><a href=\"https:\/\/www.festivalcinemaenliberte.com\/wp-content\/uploads\/2025\/07\/Dossier-de-presse-2025.pdf\" target=\"_blank\" rel=\"noopener\">T\u00e9l\u00e9charger ici<\/a><\/p>\t\t\t\t\t\t\t\t<\/div>\n\t\t\t\t<\/div>\n\t\t\t\t\t<\/div>\n\t\t\t\t<\/div>\n\t\t\t\t<\/div>\n\t\t","protected":false},"excerpt":{"rendered":"<p>T\u00e9l\u00e9charger ici<\/p>\n","protected":false},"author":1,"featured_media":0,"parent":0,"menu_order":0,"comment_status":"closed","ping_status":"closed","template":"elementor_header_footer","meta":{"footnotes":""},"class_list":["post-667","page","type-page","status-publish","hentry"],"yoast_head":"<!-- This site is optimized with the Yoast SEO plugin v27.5 - https:\/\/yoast.com\/product\/yoast-seo-wordpress\/ -->\n<title>Dossier de presse - Festival Cin\u00e9ma en libert\u00e9<\/title>\n<meta name=\"description\" content=\"Festival Cin\u00e9ma en libert\u00e9\" \/>\n<meta name=\"robots\" content=\"index, follow, max-snippet:-1, max-image-preview:large, max-video-preview:-1\" \/>\n<link rel=\"canonical\" href=\"https:\/\/www.festivalcinemaenliberte.com\/index.php\/dossier-de-presse\/\" \/>\n<meta property=\"og:locale\" content=\"fr_FR\" \/>\n<meta property=\"og:type\" content=\"article\" \/>\n<meta property=\"og:title\" content=\"Dossier de presse - Festival Cin\u00e9ma en libert\u00e9\" \/>\n<meta property=\"og:description\" content=\"Festival Cin\u00e9ma en libert\u00e9\" \/>\n<meta property=\"og:url\" content=\"https:\/\/www.festivalcinemaenliberte.com\/index.php\/dossier-de-presse\/\" \/>\n<meta property=\"og:site_name\" content=\"Festival Cin\u00e9ma en libert\u00e9\" \/>\n<meta property=\"article:publisher\" content=\"https:\/\/www.facebook.com\/cinemaenliberte\" \/>\n<meta property=\"article:modified_time\" content=\"2025-07-06T10:14:44+00:00\" \/>\n<meta property=\"og:image\" content=\"https:\/\/www.festivalcinemaenliberte.com\/wp-content\/uploads\/2024\/05\/logonew3-png.webp\" \/>\n\t<meta property=\"og:image:width\" content=\"816\" \/>\n\t<meta property=\"og:image:height\" content=\"1056\" \/>\n\t<meta property=\"og:image:type\" content=\"image\/png\" \/>\n<meta name=\"twitter:card\" content=\"summary_large_image\" \/>\n<meta name=\"twitter:label1\" content=\"Dur\u00e9e de lecture estim\u00e9e\" \/>\n\t<meta name=\"twitter:data1\" content=\"1 minute\" \/>\n<script type=\"application\/ld+json\" class=\"yoast-schema-graph\">{\"@context\":\"https:\\\/\\\/schema.org\",\"@graph\":[{\"@type\":\"WebPage\",\"@id\":\"https:\\\/\\\/www.festivalcinemaenliberte.com\\\/index.php\\\/dossier-de-presse\\\/\",\"url\":\"https:\\\/\\\/www.festivalcinemaenliberte.com\\\/index.php\\\/dossier-de-presse\\\/\",\"name\":\"Dossier de presse - Festival Cin\u00e9ma en libert\u00e9\",\"isPartOf\":{\"@id\":\"https:\\\/\\\/www.festivalcinemaenliberte.com\\\/#website\"},\"datePublished\":\"2021-09-15T15:17:00+00:00\",\"dateModified\":\"2025-07-06T10:14:44+00:00\",\"description\":\"Festival Cin\u00e9ma en libert\u00e9\",\"breadcrumb\":{\"@id\":\"https:\\\/\\\/www.festivalcinemaenliberte.com\\\/index.php\\\/dossier-de-presse\\\/#breadcrumb\"},\"inLanguage\":\"fr-FR\",\"potentialAction\":[{\"@type\":\"ReadAction\",\"target\":[\"https:\\\/\\\/www.festivalcinemaenliberte.com\\\/index.php\\\/dossier-de-presse\\\/\"]}]},{\"@type\":\"BreadcrumbList\",\"@id\":\"https:\\\/\\\/www.festivalcinemaenliberte.com\\\/index.php\\\/dossier-de-presse\\\/#breadcrumb\",\"itemListElement\":[{\"@type\":\"ListItem\",\"position\":1,\"name\":\"Accueil\",\"item\":\"https:\\\/\\\/www.festivalcinemaenliberte.com\\\/\"},{\"@type\":\"ListItem\",\"position\":2,\"name\":\"Dossier de presse\"}]},{\"@type\":\"WebSite\",\"@id\":\"https:\\\/\\\/www.festivalcinemaenliberte.com\\\/#website\",\"url\":\"https:\\\/\\\/www.festivalcinemaenliberte.com\\\/\",\"name\":\"Festival international Cin\u00e9ma en libert\u00e9\",\"description\":\"Festival international de courts m\u00e9trages\",\"publisher\":{\"@id\":\"https:\\\/\\\/www.festivalcinemaenliberte.com\\\/#organization\"},\"potentialAction\":[{\"@type\":\"SearchAction\",\"target\":{\"@type\":\"EntryPoint\",\"urlTemplate\":\"https:\\\/\\\/www.festivalcinemaenliberte.com\\\/?s={search_term_string}\"},\"query-input\":{\"@type\":\"PropertyValueSpecification\",\"valueRequired\":true,\"valueName\":\"search_term_string\"}}],\"inLanguage\":\"fr-FR\"},{\"@type\":\"Organization\",\"@id\":\"https:\\\/\\\/www.festivalcinemaenliberte.com\\\/#organization\",\"name\":\"Festival international de courts m\u00e9trages Cin\u00e9ma en libert\u00e9\",\"url\":\"https:\\\/\\\/www.festivalcinemaenliberte.com\\\/\",\"logo\":{\"@type\":\"ImageObject\",\"inLanguage\":\"fr-FR\",\"@id\":\"https:\\\/\\\/www.festivalcinemaenliberte.com\\\/#\\\/schema\\\/logo\\\/image\\\/\",\"url\":\"https:\\\/\\\/www.festivalcinemaenliberte.com\\\/wp-content\\\/uploads\\\/2024\\\/05\\\/logonew3-png.webp\",\"contentUrl\":\"https:\\\/\\\/www.festivalcinemaenliberte.com\\\/wp-content\\\/uploads\\\/2024\\\/05\\\/logonew3-png.webp\",\"width\":816,\"height\":1056,\"caption\":\"Festival international de courts m\u00e9trages Cin\u00e9ma en libert\u00e9\"},\"image\":{\"@id\":\"https:\\\/\\\/www.festivalcinemaenliberte.com\\\/#\\\/schema\\\/logo\\\/image\\\/\"},\"sameAs\":[\"https:\\\/\\\/www.facebook.com\\\/cinemaenliberte\"]}]}<\/script>\n<!-- \/ Yoast SEO plugin. -->","yoast_head_json":{"title":"Dossier de presse - Festival Cin\u00e9ma en libert\u00e9","description":"Festival Cin\u00e9ma en libert\u00e9","robots":{"index":"index","follow":"follow","max-snippet":"max-snippet:-1","max-image-preview":"max-image-preview:large","max-video-preview":"max-video-preview:-1"},"canonical":"https:\/\/www.festivalcinemaenliberte.com\/index.php\/dossier-de-presse\/","og_locale":"fr_FR","og_type":"article","og_title":"Dossier de presse - Festival Cin\u00e9ma en libert\u00e9","og_description":"Festival Cin\u00e9ma en libert\u00e9","og_url":"https:\/\/www.festivalcinemaenliberte.com\/index.php\/dossier-de-presse\/","og_site_name":"Festival Cin\u00e9ma en libert\u00e9","article_publisher":"https:\/\/www.facebook.com\/cinemaenliberte","article_modified_time":"2025-07-06T10:14:44+00:00","og_image":[{"width":816,"height":1056,"url":"https:\/\/www.festivalcinemaenliberte.com\/wp-content\/uploads\/2024\/05\/logonew3-png.webp","type":"image\/png"}],"twitter_card":"summary_large_image","twitter_misc":{"Dur\u00e9e de lecture estim\u00e9e":"1 minute"},"schema":{"@context":"https:\/\/schema.org","@graph":[{"@type":"WebPage","@id":"https:\/\/www.festivalcinemaenliberte.com\/index.php\/dossier-de-presse\/","url":"https:\/\/www.festivalcinemaenliberte.com\/index.php\/dossier-de-presse\/","name":"Dossier de presse - Festival Cin\u00e9ma en libert\u00e9","isPartOf":{"@id":"https:\/\/www.festivalcinemaenliberte.com\/#website"},"datePublished":"2021-09-15T15:17:00+00:00","dateModified":"2025-07-06T10:14:44+00:00","description":"Festival Cin\u00e9ma en libert\u00e9","breadcrumb":{"@id":"https:\/\/www.festivalcinemaenliberte.com\/index.php\/dossier-de-presse\/#breadcrumb"},"inLanguage":"fr-FR","potentialAction":[{"@type":"ReadAction","target":["https:\/\/www.festivalcinemaenliberte.com\/index.php\/dossier-de-presse\/"]}]},{"@type":"BreadcrumbList","@id":"https:\/\/www.festivalcinemaenliberte.com\/index.php\/dossier-de-presse\/#breadcrumb","itemListElement":[{"@type":"ListItem","position":1,"name":"Accueil","item":"https:\/\/www.festivalcinemaenliberte.com\/"},{"@type":"ListItem","position":2,"name":"Dossier de presse"}]},{"@type":"WebSite","@id":"https:\/\/www.festivalcinemaenliberte.com\/#website","url":"https:\/\/www.festivalcinemaenliberte.com\/","name":"Festival international Cin\u00e9ma en libert\u00e9","description":"Festival international de courts m\u00e9trages","publisher":{"@id":"https:\/\/www.festivalcinemaenliberte.com\/#organization"},"potentialAction":[{"@type":"SearchAction","target":{"@type":"EntryPoint","urlTemplate":"https:\/\/www.festivalcinemaenliberte.com\/?s={search_term_string}"},"query-input":{"@type":"PropertyValueSpecification","valueRequired":true,"valueName":"search_term_string"}}],"inLanguage":"fr-FR"},{"@type":"Organization","@id":"https:\/\/www.festivalcinemaenliberte.com\/#organization","name":"Festival international de courts m\u00e9trages Cin\u00e9ma en libert\u00e9","url":"https:\/\/www.festivalcinemaenliberte.com\/","logo":{"@type":"ImageObject","inLanguage":"fr-FR","@id":"https:\/\/www.festivalcinemaenliberte.com\/#\/schema\/logo\/image\/","url":"https:\/\/www.festivalcinemaenliberte.com\/wp-content\/uploads\/2024\/05\/logonew3-png.webp","contentUrl":"https:\/\/www.festivalcinemaenliberte.com\/wp-content\/uploads\/2024\/05\/logonew3-png.webp","width":816,"height":1056,"caption":"Festival international de courts m\u00e9trages Cin\u00e9ma en libert\u00e9"},"image":{"@id":"https:\/\/www.festivalcinemaenliberte.com\/#\/schema\/logo\/image\/"},"sameAs":["https:\/\/www.facebook.com\/cinemaenliberte"]}]}},"_links":{"self":[{"href":"https:\/\/www.festivalcinemaenliberte.com\/index.php\/wp-json\/wp\/v2\/pages\/667","targetHints":{"allow":["GET"]}}],"collection":[{"href":"https:\/\/www.festivalcinemaenliberte.com\/index.php\/wp-json\/wp\/v2\/pages"}],"about":[{"href":"https:\/\/www.festivalcinemaenliberte.com\/index.php\/wp-json\/wp\/v2\/types\/page"}],"author":[{"embeddable":true,"href":"https:\/\/www.festivalcinemaenliberte.com\/index.php\/wp-json\/wp\/v2\/users\/1"}],"replies":[{"embeddable":true,"href":"https:\/\/www.festivalcinemaenliberte.com\/index.php\/wp-json\/wp\/v2\/comments?post=667"}],"version-history":[{"count":0,"href":"https:\/\/www.festivalcinemaenliberte.com\/index.php\/wp-json\/wp\/v2\/pages\/667\/revisions"}],"wp:attachment":[{"href":"https:\/\/www.festivalcinemaenliberte.com\/index.php\/wp-json\/wp\/v2\/media?parent=667"}],"curies":[{"name":"wp","href":"https:\/\/api.w.org\/{rel}","templated":true}]}}